{"id":2448,"date":"2011-03-17T10:11:03","date_gmt":"2011-03-17T10:11:03","guid":{"rendered":"https:\/\/shop.allnav.ch\/?post_type=product&#038;p=2448"},"modified":"2025-12-11T11:15:55","modified_gmt":"2025-12-11T10:15:55","slug":"adaptateur-pour-canne-porte-prisme-telescopique-seco","status":"publish","type":"product","link":"https:\/\/shop.allnav.ch\/fr\/produkt\/accessoires-pour-station-totale-et-gnss\/cannes-de-prismes\/adaptateur-pour-canne-porte-prisme-telescopique-seco\/","title":{"rendered":"Adaptateur pour canne porte-prisme t\u00e9lescopique Seco"},"content":{"rendered":"<p>&Agrave; visser dans une canne porte-prisme t&eacute;lescopique Robotic Seco.&nbsp;<\/p>\n<table border=\"0\">\n<tbody>\n<tr>\n<td><strong>R&eacute;f<\/strong><\/td>\n<td><strong>Syst&egrave;me<\/strong><\/td>\n<td><strong>Basculement &nbsp;<\/strong><\/td>\n<td><strong>Longueur<\/strong><\/td>\n<\/tr>\n<tr>\n<td>2090-10 &nbsp; &nbsp;<\/td>\n<td>Leica GPH1<\/td>\n<td style=\"text-align: center;\">86 mm<\/td>\n<td style=\"text-align: center;\">64 mm<\/td>\n<\/tr>\n<tr>\n<td>2090-13<\/td>\n<td>Trimble 360&deg;<\/td>\n<td style=\"text-align: center;\">135 mm<\/td>\n<td style=\"text-align: center;\">15 mm<\/td>\n<\/tr>\n<tr>\n<td>2090-15<\/td>\n<td>Antennes GNSS&nbsp;<\/td>\n<td style=\"text-align: center;\">0 mm<\/td>\n<td style=\"text-align: center;\">150 mm<\/td>\n<\/tr>\n<\/tbody>\n<\/table>\n","protected":false},"excerpt":{"rendered":"<p>Pour canne porte-prisme t\u00e9lescopique Seco  (R\u00e9f\u00e9rence 5129-53L \/ 5129-73L \/ 5527-18-13)<\/p>\n","protected":false},"featured_media":2449,"template":"","meta":[],"product_brand":[],"product_cat":[230],"product_tag":[],"class_list":{"0":"post-2448","1":"product","2":"type-product","3":"status-publish","4":"has-post-thumbnail","6":"product_cat-cannes-de-prismes","8":"first","9":"instock","10":"product-type-grouped"},"_links":{"self":[{"href":"https:\/\/shop.allnav.ch\/fr\/wp-json\/wp\/v2\/product\/2448","targetHints":{"allow":["GET"]}}],"collection":[{"href":"https:\/\/shop.allnav.ch\/fr\/wp-json\/wp\/v2\/product"}],"about":[{"href":"https:\/\/shop.allnav.ch\/fr\/wp-json\/wp\/v2\/types\/product"}],"wp:featuredmedia":[{"embeddable":true,"href":"https:\/\/shop.allnav.ch\/fr\/wp-json\/wp\/v2\/media\/2449"}],"wp:attachment":[{"href":"https:\/\/shop.allnav.ch\/fr\/wp-json\/wp\/v2\/media?parent=2448"}],"wp:term":[{"taxonomy":"product_brand","embeddable":true,"href":"https:\/\/shop.allnav.ch\/fr\/wp-json\/wp\/v2\/product_brand?post=2448"},{"taxonomy":"product_cat","embeddable":true,"href":"https:\/\/shop.allnav.ch\/fr\/wp-json\/wp\/v2\/product_cat?post=2448"},{"taxonomy":"product_tag","embeddable":true,"href":"https:\/\/shop.allnav.ch\/fr\/wp-json\/wp\/v2\/product_tag?post=2448"}],"curies":[{"name":"wp","href":"https:\/\/api.w.org\/{rel}","templated":true}]}}