{"id":2433,"date":"2011-03-17T10:10:55","date_gmt":"2011-03-17T10:10:55","guid":{"rendered":"https:\/\/shop.allnav.ch\/?post_type=product&#038;p=2433"},"modified":"2026-03-27T07:45:28","modified_gmt":"2026-03-27T06:45:28","slug":"pointe-pour-canne-porte-prisme-en-carbone","status":"publish","type":"product","link":"https:\/\/shop.allnav.ch\/fr\/produkt\/accessoires-pour-station-totale-et-gnss\/cannes-de-prismes\/pointe-pour-canne-porte-prisme-en-carbone\/","title":{"rendered":"Pointe pour canne porte-prisme en carbone"},"content":{"rendered":"<p>Pointe en aluminium anodis\u00e9 avec pointe en acier \u00e0 visser. Longueur totale 80 mm.<\/p>\n<p>Pointe en acier \u00e0 visser: r\u00e9f\u00e9rence 4 710 101.<\/p>\n","protected":false},"excerpt":{"rendered":"<p>Pointe en aluminium anodis\u00e9 avec pointe en acier \u00e0 visser.<\/p>\n","protected":false},"featured_media":2434,"template":"","meta":[],"product_brand":[],"product_cat":[230],"product_tag":[],"class_list":{"0":"post-2433","1":"product","2":"type-product","3":"status-publish","4":"has-post-thumbnail","6":"product_cat-cannes-de-prismes","8":"first","9":"instock","10":"product-type-grouped"},"_links":{"self":[{"href":"https:\/\/shop.allnav.ch\/fr\/wp-json\/wp\/v2\/product\/2433","targetHints":{"allow":["GET"]}}],"collection":[{"href":"https:\/\/shop.allnav.ch\/fr\/wp-json\/wp\/v2\/product"}],"about":[{"href":"https:\/\/shop.allnav.ch\/fr\/wp-json\/wp\/v2\/types\/product"}],"wp:featuredmedia":[{"embeddable":true,"href":"https:\/\/shop.allnav.ch\/fr\/wp-json\/wp\/v2\/media\/2434"}],"wp:attachment":[{"href":"https:\/\/shop.allnav.ch\/fr\/wp-json\/wp\/v2\/media?parent=2433"}],"wp:term":[{"taxonomy":"product_brand","embeddable":true,"href":"https:\/\/shop.allnav.ch\/fr\/wp-json\/wp\/v2\/product_brand?post=2433"},{"taxonomy":"product_cat","embeddable":true,"href":"https:\/\/shop.allnav.ch\/fr\/wp-json\/wp\/v2\/product_cat?post=2433"},{"taxonomy":"product_tag","embeddable":true,"href":"https:\/\/shop.allnav.ch\/fr\/wp-json\/wp\/v2\/product_tag?post=2433"}],"curies":[{"name":"wp","href":"https:\/\/api.w.org\/{rel}","templated":true}]}}