{"id":2425,"date":"2011-03-17T10:10:51","date_gmt":"2011-03-17T10:10:51","guid":{"rendered":"https:\/\/shop.allnav.ch\/?post_type=product&#038;p=2425"},"modified":"2026-03-31T14:36:31","modified_gmt":"2026-03-31T12:36:31","slug":"fussplatte-2","status":"publish","type":"product","link":"https:\/\/shop.allnav.ch\/fr\/produkt\/accessoires-pour-station-totale-et-gnss\/cannes-de-prismes\/fussplatte-2\/","title":{"rendered":"Fussplatte"},"content":{"rendered":"<p>\u00c0 visser \u00e0 la place de la pointe de la canne porte-prisme. Filetage int\u00e9rieur 5\/8\u201c.<br \/>\nDiam\u00e8tre plaque: 60 mm ou 100 mm.<\/p>\n","protected":false},"excerpt":{"rendered":"<p>pour canne porte-prisme en carbone.<\/p>\n","protected":false},"featured_media":2426,"template":"","meta":[],"product_brand":[],"product_cat":[230],"product_tag":[],"class_list":{"0":"post-2425","1":"product","2":"type-product","3":"status-publish","4":"has-post-thumbnail","6":"product_cat-cannes-de-prismes","8":"first","9":"instock","10":"product-type-grouped"},"_links":{"self":[{"href":"https:\/\/shop.allnav.ch\/fr\/wp-json\/wp\/v2\/product\/2425","targetHints":{"allow":["GET"]}}],"collection":[{"href":"https:\/\/shop.allnav.ch\/fr\/wp-json\/wp\/v2\/product"}],"about":[{"href":"https:\/\/shop.allnav.ch\/fr\/wp-json\/wp\/v2\/types\/product"}],"wp:featuredmedia":[{"embeddable":true,"href":"https:\/\/shop.allnav.ch\/fr\/wp-json\/wp\/v2\/media\/2426"}],"wp:attachment":[{"href":"https:\/\/shop.allnav.ch\/fr\/wp-json\/wp\/v2\/media?parent=2425"}],"wp:term":[{"taxonomy":"product_brand","embeddable":true,"href":"https:\/\/shop.allnav.ch\/fr\/wp-json\/wp\/v2\/product_brand?post=2425"},{"taxonomy":"product_cat","embeddable":true,"href":"https:\/\/shop.allnav.ch\/fr\/wp-json\/wp\/v2\/product_cat?post=2425"},{"taxonomy":"product_tag","embeddable":true,"href":"https:\/\/shop.allnav.ch\/fr\/wp-json\/wp\/v2\/product_tag?post=2425"}],"curies":[{"name":"wp","href":"https:\/\/api.w.org\/{rel}","templated":true}]}}