{"id":2417,"date":"2011-03-17T10:10:47","date_gmt":"2011-03-17T10:10:47","guid":{"rendered":"https:\/\/shop.allnav.ch\/?post_type=product&#038;p=2417"},"modified":"2025-10-29T08:45:30","modified_gmt":"2025-10-29T07:45:30","slug":"canne-de-mesure-en-carbone-pour-points-caches-2","status":"publish","type":"product","link":"https:\/\/shop.allnav.ch\/fr\/produkt\/accessoires-pour-station-totale-et-gnss\/canne-pour-point-cache\/carbone\/canne-de-mesure-en-carbone-pour-points-caches-2\/","title":{"rendered":"Canne de mesure en carbone pour points cach\u00e9s"},"content":{"rendered":"<address>Une canne standard comprend: <\/address>\n<address> &#8211; Prisme dans support basculant<\/address>\n<address>&#8211; canne de base pour une base de 1,0 m entre prismes<\/address>\n<address>&#8211; prisme sous cadre alu avec 2 filetage ext&eacute;rieur 5\/8&Prime;<\/address>\n<address>&#8211; canne 2,0 m<\/address>\n<address>&#8211; canne 1,845 m pour pointe<\/address>\n<address>&#8211; pointe en acier tremp&eacute; 0,1 m<\/address>\n<address><\/address>\n<address>Livrable avec constante de prisme -30 mm, -34 mm ou -35 mm.<\/address>\n<address><\/address>\n<address>Canne de mesure avec trois prismes: dans ce cas les deux prismes inf&eacute;rieurs sont reli&eacute;s de fa&ccedil;on rigide.<\/address>\n<address><\/address>\n<address>Des prismes de 42 mm de diam&egrave;tre sont utilis&eacute;s. Ceux ci permettent une vis&eacute;e exacte m&ecirc;me lorsque celle-ci n&rsquo;est pas parfaitement align&eacute;e. Contrairement aux petits prismes de 25 mm de diam&egrave;tre, les instruments avec vis&eacute;e automatique travaillent pr&eacute;cis&eacute;ment avec les prismes de cette taille. Avec ces syst&egrave;mes, l&rsquo;inclinaison de la canne n&rsquo;a pas d&rsquo;importance car les prismes basculants sont mont&eacute;s dans leurs supports afin de permettre toute rotation autour de l&rsquo;axe de la canne.<\/address>\n","protected":false},"excerpt":{"rendered":"<p>La r\u00e9sistance \u00e9lev\u00e9e et le faible poids de la canne proviennent du tube en carbone. Par<br \/>\nrapport \u00e0 un tube en alu, son poids est de 40% plus l\u00e9ger, sa r\u00e9sistance \u00e0 la pression est largement plus \u00e9lev\u00e9e et elle est agr\u00e9able \u00e0 toucher m\u00eame par temps froid.<\/p>\n","protected":false},"featured_media":2418,"template":"","meta":[],"product_brand":[],"product_cat":[248],"product_tag":[],"class_list":{"0":"post-2417","1":"product","2":"type-product","3":"status-publish","4":"has-post-thumbnail","6":"product_cat-carbone","8":"first","9":"instock","10":"product-type-grouped"},"_links":{"self":[{"href":"https:\/\/shop.allnav.ch\/fr\/wp-json\/wp\/v2\/product\/2417","targetHints":{"allow":["GET"]}}],"collection":[{"href":"https:\/\/shop.allnav.ch\/fr\/wp-json\/wp\/v2\/product"}],"about":[{"href":"https:\/\/shop.allnav.ch\/fr\/wp-json\/wp\/v2\/types\/product"}],"wp:featuredmedia":[{"embeddable":true,"href":"https:\/\/shop.allnav.ch\/fr\/wp-json\/wp\/v2\/media\/2418"}],"wp:attachment":[{"href":"https:\/\/shop.allnav.ch\/fr\/wp-json\/wp\/v2\/media?parent=2417"}],"wp:term":[{"taxonomy":"product_brand","embeddable":true,"href":"https:\/\/shop.allnav.ch\/fr\/wp-json\/wp\/v2\/product_brand?post=2417"},{"taxonomy":"product_cat","embeddable":true,"href":"https:\/\/shop.allnav.ch\/fr\/wp-json\/wp\/v2\/product_cat?post=2417"},{"taxonomy":"product_tag","embeddable":true,"href":"https:\/\/shop.allnav.ch\/fr\/wp-json\/wp\/v2\/product_tag?post=2417"}],"curies":[{"name":"wp","href":"https:\/\/api.w.org\/{rel}","templated":true}]}}