{"id":2403,"date":"2011-03-17T10:10:32","date_gmt":"2011-03-17T10:10:32","guid":{"rendered":"https:\/\/shop.allnav.ch\/?post_type=product&#038;p=2403"},"modified":"2025-01-20T16:15:38","modified_gmt":"2025-01-20T15:15:38","slug":"canne-de-mesure-de-canal-en-aluminium-2","status":"publish","type":"product","link":"https:\/\/shop.allnav.ch\/fr\/produkt\/accessoires-pour-station-totale-et-gnss\/canne-pour-point-cache\/aluminium-2\/canne-de-mesure-de-canal-en-aluminium-2\/","title":{"rendered":"Canne de mesure de canal en aluminium"},"content":{"rendered":"<address>La canne de mesure de canal en aluminium se compose de : <\/address>\n<address> &#8211; Prisme dans support basculant <\/address>\n<address> &#8211; canne de base pour une base de 1,0 m <\/address>\n<address> &#8211; cadre de jalonnement avec 2 filetage ext&eacute;rieur 5\/8&Prime; <\/address>\n<address>&#8211; trois rallonges jusqu&rsquo;&agrave; 1,0 m <\/address>\n<address> &#8211; canne 0,845 m pour pointe <\/address>\n<address>&#8211; pointe en acier tremp&eacute; 0,1 m. <\/address>\n<address><\/address>\n<address>Canne de mesure en carbone avec trois prismes: Dans ce cas les deux prismes inf&eacute;rieurs sont reli&eacute;s de fa&ccedil;on rigide. <\/address>\n<address><\/address>\n<address>Livrable avec constante de prisme -30 mm, -34 mm ou -35 mm. <\/address>\n<address><\/address>\n<address>Des prismes de 42 mm de diam&egrave;tre sont utilis&eacute;s. Ceux ci permettent une vis&eacute;e exacte m&ecirc;me lorsque celle-ci n&rsquo;est pas parfaitement align&eacute;e. Contrairement aux petits prismes de 25 mm de diam&egrave;tre, les instruments avec vis&eacute;e automatique travaillent pr&eacute;cis&eacute;ment avec les prismes de cette taille. Avec ces syst&egrave;mes, l&rsquo;inclinaison de la canne n&rsquo;a pas d&rsquo;importance car les prismes basculants sont mont&eacute;s dans leurs supports afin de permettre toute rotation autour de l&rsquo;axe de la canne.<\/address>\n","protected":false},"excerpt":{"rendered":"<p>Canne robuste, fix\u00e9 avec des tubes d\u2018aluminium anodis\u00e9. Tous les raccordements de filetage ont une dur\u00e9e de vie et une flexibilit\u00e9 \u00e9lev\u00e9e.<\/p>\n","protected":false},"featured_media":2404,"template":"","meta":[],"product_brand":[],"product_cat":[246],"product_tag":[],"class_list":{"0":"post-2403","1":"product","2":"type-product","3":"status-publish","4":"has-post-thumbnail","6":"product_cat-aluminium-2","8":"first","9":"instock","10":"product-type-grouped"},"_links":{"self":[{"href":"https:\/\/shop.allnav.ch\/fr\/wp-json\/wp\/v2\/product\/2403","targetHints":{"allow":["GET"]}}],"collection":[{"href":"https:\/\/shop.allnav.ch\/fr\/wp-json\/wp\/v2\/product"}],"about":[{"href":"https:\/\/shop.allnav.ch\/fr\/wp-json\/wp\/v2\/types\/product"}],"wp:featuredmedia":[{"embeddable":true,"href":"https:\/\/shop.allnav.ch\/fr\/wp-json\/wp\/v2\/media\/2404"}],"wp:attachment":[{"href":"https:\/\/shop.allnav.ch\/fr\/wp-json\/wp\/v2\/media?parent=2403"}],"wp:term":[{"taxonomy":"product_brand","embeddable":true,"href":"https:\/\/shop.allnav.ch\/fr\/wp-json\/wp\/v2\/product_brand?post=2403"},{"taxonomy":"product_cat","embeddable":true,"href":"https:\/\/shop.allnav.ch\/fr\/wp-json\/wp\/v2\/product_cat?post=2403"},{"taxonomy":"product_tag","embeddable":true,"href":"https:\/\/shop.allnav.ch\/fr\/wp-json\/wp\/v2\/product_tag?post=2403"}],"curies":[{"name":"wp","href":"https:\/\/api.w.org\/{rel}","templated":true}]}}