{"id":2343,"date":"2011-03-17T10:10:03","date_gmt":"2011-03-17T10:10:03","guid":{"rendered":"https:\/\/shop.allnav.ch\/?post_type=product&#038;p=2343"},"modified":"2025-03-03T10:31:40","modified_gmt":"2025-03-03T09:31:40","slug":"ancrage-mural-de-mesure-de-convergence-3-8","status":"publish","type":"product","link":"https:\/\/shop.allnav.ch\/fr\/produkt\/accessoires-speciaux\/tunnels\/ancrage-mural-pour-mesure-de-convergence\/ancrage-mural-de-mesure-de-convergence-3-8\/","title":{"rendered":"Ancrage mural de mesure de convergence 3\/8\u201c"},"content":{"rendered":"<p>Longueur: 150 mm, 200 mm, 270 mm ou 350 mm.<\/p>\n","protected":false},"excerpt":{"rendered":"<p>\u00c0 sceller dans du b\u00e9ton comme point de rep\u00e9rage. Un adaptateur en plastique est<br \/>\nviss\u00e9 sur un filetage 3\/8\u201c pour pouvoir placer le prisme ou la cible. Livr\u00e9 avec un simple<br \/>\ncapuchon en plastique. Acier nervur\u00e9, diam\u00e8tre 20 mm, zingu\u00e9.<\/p>\n","protected":false},"featured_media":2344,"template":"","meta":[],"product_brand":[],"product_cat":[262],"product_tag":[],"class_list":{"0":"post-2343","1":"product","2":"type-product","3":"status-publish","4":"has-post-thumbnail","6":"product_cat-ancrage-mural-pour-mesure-de-convergence","8":"first","9":"instock","10":"product-type-grouped"},"_links":{"self":[{"href":"https:\/\/shop.allnav.ch\/fr\/wp-json\/wp\/v2\/product\/2343","targetHints":{"allow":["GET"]}}],"collection":[{"href":"https:\/\/shop.allnav.ch\/fr\/wp-json\/wp\/v2\/product"}],"about":[{"href":"https:\/\/shop.allnav.ch\/fr\/wp-json\/wp\/v2\/types\/product"}],"wp:featuredmedia":[{"embeddable":true,"href":"https:\/\/shop.allnav.ch\/fr\/wp-json\/wp\/v2\/media\/2344"}],"wp:attachment":[{"href":"https:\/\/shop.allnav.ch\/fr\/wp-json\/wp\/v2\/media?parent=2343"}],"wp:term":[{"taxonomy":"product_brand","embeddable":true,"href":"https:\/\/shop.allnav.ch\/fr\/wp-json\/wp\/v2\/product_brand?post=2343"},{"taxonomy":"product_cat","embeddable":true,"href":"https:\/\/shop.allnav.ch\/fr\/wp-json\/wp\/v2\/product_cat?post=2343"},{"taxonomy":"product_tag","embeddable":true,"href":"https:\/\/shop.allnav.ch\/fr\/wp-json\/wp\/v2\/product_tag?post=2343"}],"curies":[{"name":"wp","href":"https:\/\/api.w.org\/{rel}","templated":true}]}}