{"id":2332,"date":"2011-03-17T10:09:59","date_gmt":"2011-03-17T10:09:59","guid":{"rendered":"https:\/\/shop.allnav.ch\/?post_type=product&#038;p=2332"},"modified":"2026-03-31T14:54:57","modified_gmt":"2026-03-31T12:54:57","slug":"adaptateur-en-plastique","status":"publish","type":"product","link":"https:\/\/shop.allnav.ch\/fr\/produkt\/accessoires-speciaux\/tunnels\/ancrage-mural-pour-mesure-de-convergence\/adaptateur-en-plastique\/","title":{"rendered":"Adaptateur en plastique"},"content":{"rendered":"<p>Filetage int\u00e9rieur 3\/8\u201c pour syst\u00e8me de fixation Wild. 95 mm ou 105 mm.<\/p>\n","protected":false},"excerpt":{"rendered":"<p>L\u2019adaptateur en plastique sert de pi\u00e8ce de connexion entre le\u2019ancrage mural de mesure<br \/>\nde convergence avec filetage 3\/8\u201c et un prisme ou une cible r\u00e9fl\u00e9chissante avec<br \/>\nsyst\u00e8me de fixation Wild. Pour serrer simplement, l\u2019adaptateur est pr\u00e9vu avec une cl\u00e9 hexagonale SW 17. L\u2019adaptateur fait \u00e9galement office de point de rupture th\u00e9orique, de sorte que le point de mesure ne soit pas endommag\u00e9.<\/p>\n","protected":false},"featured_media":2333,"template":"","meta":[],"product_brand":[],"product_cat":[262],"product_tag":[],"class_list":{"0":"post-2332","1":"product","2":"type-product","3":"status-publish","4":"has-post-thumbnail","6":"product_cat-ancrage-mural-pour-mesure-de-convergence","8":"first","9":"instock","10":"product-type-grouped"},"_links":{"self":[{"href":"https:\/\/shop.allnav.ch\/fr\/wp-json\/wp\/v2\/product\/2332","targetHints":{"allow":["GET"]}}],"collection":[{"href":"https:\/\/shop.allnav.ch\/fr\/wp-json\/wp\/v2\/product"}],"about":[{"href":"https:\/\/shop.allnav.ch\/fr\/wp-json\/wp\/v2\/types\/product"}],"wp:featuredmedia":[{"embeddable":true,"href":"https:\/\/shop.allnav.ch\/fr\/wp-json\/wp\/v2\/media\/2333"}],"wp:attachment":[{"href":"https:\/\/shop.allnav.ch\/fr\/wp-json\/wp\/v2\/media?parent=2332"}],"wp:term":[{"taxonomy":"product_brand","embeddable":true,"href":"https:\/\/shop.allnav.ch\/fr\/wp-json\/wp\/v2\/product_brand?post=2332"},{"taxonomy":"product_cat","embeddable":true,"href":"https:\/\/shop.allnav.ch\/fr\/wp-json\/wp\/v2\/product_cat?post=2332"},{"taxonomy":"product_tag","embeddable":true,"href":"https:\/\/shop.allnav.ch\/fr\/wp-json\/wp\/v2\/product_tag?post=2332"}],"curies":[{"name":"wp","href":"https:\/\/api.w.org\/{rel}","templated":true}]}}