{"id":2312,"date":"2011-03-17T10:09:42","date_gmt":"2011-03-17T10:09:42","guid":{"rendered":"https:\/\/shop.allnav.ch\/?post_type=product&#038;p=2312"},"modified":"2026-03-31T14:55:16","modified_gmt":"2026-03-31T12:55:16","slug":"tige-repere-non-torsade","status":"publish","type":"product","link":"https:\/\/shop.allnav.ch\/fr\/produkt\/accessoires-speciaux\/voies-ferrees\/reperes-de-voies-ferrees\/reperes-au-sol\/tige-repere-non-torsade\/","title":{"rendered":"Tige rep\u00e8re, non torsad\u00e9"},"content":{"rendered":"<p>Longueur au choix.<\/p>\n","protected":false},"excerpt":{"rendered":"<p>Du mat\u00e9riel de rep\u00e9rage et des moyens pour mesurer des points identifi\u00e9s conforme aux<br \/>\nrecommandations sur le rep\u00e9rage de voies ferr\u00e9es de la Deutsche Bahn AG.<\/p>\n","protected":false},"featured_media":2313,"template":"","meta":[],"product_brand":[],"product_cat":[280],"product_tag":[],"class_list":{"0":"post-2312","1":"product","2":"type-product","3":"status-publish","4":"has-post-thumbnail","6":"product_cat-reperes-au-sol","8":"first","9":"instock","10":"product-type-grouped"},"_links":{"self":[{"href":"https:\/\/shop.allnav.ch\/fr\/wp-json\/wp\/v2\/product\/2312","targetHints":{"allow":["GET"]}}],"collection":[{"href":"https:\/\/shop.allnav.ch\/fr\/wp-json\/wp\/v2\/product"}],"about":[{"href":"https:\/\/shop.allnav.ch\/fr\/wp-json\/wp\/v2\/types\/product"}],"wp:featuredmedia":[{"embeddable":true,"href":"https:\/\/shop.allnav.ch\/fr\/wp-json\/wp\/v2\/media\/2313"}],"wp:attachment":[{"href":"https:\/\/shop.allnav.ch\/fr\/wp-json\/wp\/v2\/media?parent=2312"}],"wp:term":[{"taxonomy":"product_brand","embeddable":true,"href":"https:\/\/shop.allnav.ch\/fr\/wp-json\/wp\/v2\/product_brand?post=2312"},{"taxonomy":"product_cat","embeddable":true,"href":"https:\/\/shop.allnav.ch\/fr\/wp-json\/wp\/v2\/product_cat?post=2312"},{"taxonomy":"product_tag","embeddable":true,"href":"https:\/\/shop.allnav.ch\/fr\/wp-json\/wp\/v2\/product_tag?post=2312"}],"curies":[{"name":"wp","href":"https:\/\/api.w.org\/{rel}","templated":true}]}}