{"id":2286,"date":"2011-03-17T10:09:34","date_gmt":"2011-03-17T10:09:34","guid":{"rendered":"https:\/\/shop.allnav.ch\/?post_type=product&#038;p=2286"},"modified":"2015-10-12T12:30:04","modified_gmt":"2015-10-12T12:30:04","slug":"tete-spherique-avec-point-de-niveau","status":"publish","type":"product","link":"https:\/\/shop.allnav.ch\/fr\/produkt\/accessoires-speciaux\/voies-ferrees\/reperes-de-voies-ferrees\/reperes-au-sol\/tete-spherique-avec-point-de-niveau\/","title":{"rendered":"T\u00eate sph\u00e9rique avec point de niveau"},"content":{"rendered":"<p>Hauteur 54  mm ou 65 mm.<\/p>\n","protected":false},"excerpt":{"rendered":"<p>T\u00eate sph\u00e9rique avec point de niveau \u00e0 placer sur tige rep\u00e8re. Laqu\u00e9e en jaune.<\/p>\n","protected":false},"featured_media":2287,"template":"","meta":[],"product_brand":[],"product_cat":[280],"product_tag":[],"class_list":{"0":"post-2286","1":"product","2":"type-product","3":"status-publish","4":"has-post-thumbnail","6":"product_cat-reperes-au-sol","8":"first","9":"instock","10":"product-type-grouped"},"_links":{"self":[{"href":"https:\/\/shop.allnav.ch\/fr\/wp-json\/wp\/v2\/product\/2286","targetHints":{"allow":["GET"]}}],"collection":[{"href":"https:\/\/shop.allnav.ch\/fr\/wp-json\/wp\/v2\/product"}],"about":[{"href":"https:\/\/shop.allnav.ch\/fr\/wp-json\/wp\/v2\/types\/product"}],"wp:featuredmedia":[{"embeddable":true,"href":"https:\/\/shop.allnav.ch\/fr\/wp-json\/wp\/v2\/media\/2287"}],"wp:attachment":[{"href":"https:\/\/shop.allnav.ch\/fr\/wp-json\/wp\/v2\/media?parent=2286"}],"wp:term":[{"taxonomy":"product_brand","embeddable":true,"href":"https:\/\/shop.allnav.ch\/fr\/wp-json\/wp\/v2\/product_brand?post=2286"},{"taxonomy":"product_cat","embeddable":true,"href":"https:\/\/shop.allnav.ch\/fr\/wp-json\/wp\/v2\/product_cat?post=2286"},{"taxonomy":"product_tag","embeddable":true,"href":"https:\/\/shop.allnav.ch\/fr\/wp-json\/wp\/v2\/product_tag?post=2286"}],"curies":[{"name":"wp","href":"https:\/\/api.w.org\/{rel}","templated":true}]}}