{"id":2171,"date":"2011-03-17T10:08:55","date_gmt":"2011-03-17T10:08:55","guid":{"rendered":"https:\/\/shop.allnav.ch\/?post_type=product&#038;p=2171"},"modified":"2011-03-21T10:03:16","modified_gmt":"2011-03-21T10:03:16","slug":"appareil-de-mesure-d-ecartement-et-de-devers-2","status":"publish","type":"product","link":"https:\/\/shop.allnav.ch\/fr\/produkt\/accessoires-speciaux\/voies-ferrees\/mesures-de-devers\/appareil-de-mesure-d-ecartement-et-de-devers-2\/","title":{"rendered":"Appareil de mesure d\u2019\u00e9cartement et de d\u00e9vers"},"content":{"rendered":"<p>R\u00e8gle de voie avec mesureur d\u2019\u00e9cartement int\u00e9gr\u00e9. Les valeurs suivantes pour les plages de mesure mentionn\u00e9es peuvent \u00eatre lues:<br \/>\n\u00e9cartement de -20 \u00e0 +40 mm et d\u00e9vers de -200 \u00e0 +200 mm. <\/p>\n","protected":false},"excerpt":{"rendered":"<p>La r\u00e8gle de voie ferr\u00e9e est aussi disponible dans une version d\u00e9montable pour la transporter plus facilement. Pour \u00e9cartement de 1435 mm.<\/p>\n","protected":false},"featured_media":2172,"template":"","meta":[],"product_brand":[],"product_cat":[272],"product_tag":[],"class_list":{"0":"post-2171","1":"product","2":"type-product","3":"status-publish","4":"has-post-thumbnail","6":"product_cat-mesures-de-devers","8":"first","9":"instock","10":"product-type-grouped"},"_links":{"self":[{"href":"https:\/\/shop.allnav.ch\/fr\/wp-json\/wp\/v2\/product\/2171","targetHints":{"allow":["GET"]}}],"collection":[{"href":"https:\/\/shop.allnav.ch\/fr\/wp-json\/wp\/v2\/product"}],"about":[{"href":"https:\/\/shop.allnav.ch\/fr\/wp-json\/wp\/v2\/types\/product"}],"wp:featuredmedia":[{"embeddable":true,"href":"https:\/\/shop.allnav.ch\/fr\/wp-json\/wp\/v2\/media\/2172"}],"wp:attachment":[{"href":"https:\/\/shop.allnav.ch\/fr\/wp-json\/wp\/v2\/media?parent=2171"}],"wp:term":[{"taxonomy":"product_brand","embeddable":true,"href":"https:\/\/shop.allnav.ch\/fr\/wp-json\/wp\/v2\/product_brand?post=2171"},{"taxonomy":"product_cat","embeddable":true,"href":"https:\/\/shop.allnav.ch\/fr\/wp-json\/wp\/v2\/product_cat?post=2171"},{"taxonomy":"product_tag","embeddable":true,"href":"https:\/\/shop.allnav.ch\/fr\/wp-json\/wp\/v2\/product_tag?post=2171"}],"curies":[{"name":"wp","href":"https:\/\/api.w.org\/{rel}","templated":true}]}}