{"id":2081,"date":"2011-03-17T10:08:21","date_gmt":"2011-03-17T09:08:21","guid":{"rendered":"https:\/\/shop.allnav.ch\/?post_type=product&#038;p=2081"},"modified":"2011-03-21T10:04:46","modified_gmt":"2011-03-21T10:04:46","slug":"mire-de-nivellement-telescopique-en-aluminium-td","status":"publish","type":"product","link":"https:\/\/shop.allnav.ch\/fr\/produkt\/accessoires-trimble\/trimble-dini-fr\/mire-de-nivellement-telescopique-en-aluminium-td\/","title":{"rendered":"Mire de nivellement t\u00e9lescopique en aluminium TD"},"content":{"rendered":"<p>.Maniable et l\u00e9g\u00e8re. Avec graduation code barres sur la face avant et graduation E en cm<br \/>\nsur la face arri\u00e8re. Extensible de 1 m \u00e0 4 ou 5 m.<\/p>\n","protected":false},"excerpt":{"rendered":"<p>Maniable et l\u00e9g\u00e8re. Avec graduation code barres sur la face avant et graduation E en cm<br \/>\nsur la face arri\u00e8re. Extensible de 1 m \u00e0 4 ou 5 m.<\/p>\n","protected":false},"featured_media":2082,"template":"","meta":[],"product_brand":[],"product_cat":[495],"product_tag":[],"class_list":{"0":"post-2081","1":"product","2":"type-product","3":"status-publish","4":"has-post-thumbnail","6":"product_cat-trimble-dini-fr","8":"first","9":"instock","10":"product-type-grouped"},"_links":{"self":[{"href":"https:\/\/shop.allnav.ch\/fr\/wp-json\/wp\/v2\/product\/2081","targetHints":{"allow":["GET"]}}],"collection":[{"href":"https:\/\/shop.allnav.ch\/fr\/wp-json\/wp\/v2\/product"}],"about":[{"href":"https:\/\/shop.allnav.ch\/fr\/wp-json\/wp\/v2\/types\/product"}],"wp:featuredmedia":[{"embeddable":true,"href":"https:\/\/shop.allnav.ch\/fr\/wp-json\/wp\/v2\/media\/2082"}],"wp:attachment":[{"href":"https:\/\/shop.allnav.ch\/fr\/wp-json\/wp\/v2\/media?parent=2081"}],"wp:term":[{"taxonomy":"product_brand","embeddable":true,"href":"https:\/\/shop.allnav.ch\/fr\/wp-json\/wp\/v2\/product_brand?post=2081"},{"taxonomy":"product_cat","embeddable":true,"href":"https:\/\/shop.allnav.ch\/fr\/wp-json\/wp\/v2\/product_cat?post=2081"},{"taxonomy":"product_tag","embeddable":true,"href":"https:\/\/shop.allnav.ch\/fr\/wp-json\/wp\/v2\/product_tag?post=2081"}],"curies":[{"name":"wp","href":"https:\/\/api.w.org\/{rel}","templated":true}]}}