{"id":1389,"date":"2011-03-17T09:30:55","date_gmt":"2011-03-17T08:30:55","guid":{"rendered":"https:\/\/shop.allnav.ch\/?post_type=product&#038;p=1389"},"modified":"2021-08-02T15:03:33","modified_gmt":"2021-08-02T13:03:33","slug":"prisme-pour-surveillance-d-ouvrage","status":"publish","type":"product","link":"https:\/\/shop.allnav.ch\/fr\/produkt\/accessoires-speciaux\/monitoring-fr\/prisme-pour-surveillance-d-ouvrage\/","title":{"rendered":"Prisme pour surveillance de route"},"content":{"rendered":"<p>Pour fixation sur la rue<\/p>\n","protected":false},"excerpt":{"rendered":"<p>Le prisme avec un diam\u00e8tre de 12,5 mm est encastr\u00e9 dans une plaque cun\u00e9iforme en<br \/>\naluminium, car il peut aussi \u00eatre utilis\u00e9 pour le marquage sur l\u2019accotement par exemple<br \/>\ndans les tunnels. La plaque peut \u00eatre fix\u00e9e sur la chauss\u00e9e gr\u00e2ce \u00e0 une colle sp\u00e9ciale.<\/p>\n","protected":false},"featured_media":1390,"template":"","meta":[],"product_brand":[],"product_cat":[250],"product_tag":[],"class_list":{"0":"post-1389","1":"product","2":"type-product","3":"status-publish","4":"has-post-thumbnail","6":"product_cat-monitoring-fr","8":"first","9":"onbackorder","10":"taxable","11":"shipping-taxable","12":"purchasable","13":"product-type-simple"},"_links":{"self":[{"href":"https:\/\/shop.allnav.ch\/fr\/wp-json\/wp\/v2\/product\/1389","targetHints":{"allow":["GET"]}}],"collection":[{"href":"https:\/\/shop.allnav.ch\/fr\/wp-json\/wp\/v2\/product"}],"about":[{"href":"https:\/\/shop.allnav.ch\/fr\/wp-json\/wp\/v2\/types\/product"}],"wp:featuredmedia":[{"embeddable":true,"href":"https:\/\/shop.allnav.ch\/fr\/wp-json\/wp\/v2\/media\/1390"}],"wp:attachment":[{"href":"https:\/\/shop.allnav.ch\/fr\/wp-json\/wp\/v2\/media?parent=1389"}],"wp:term":[{"taxonomy":"product_brand","embeddable":true,"href":"https:\/\/shop.allnav.ch\/fr\/wp-json\/wp\/v2\/product_brand?post=1389"},{"taxonomy":"product_cat","embeddable":true,"href":"https:\/\/shop.allnav.ch\/fr\/wp-json\/wp\/v2\/product_cat?post=1389"},{"taxonomy":"product_tag","embeddable":true,"href":"https:\/\/shop.allnav.ch\/fr\/wp-json\/wp\/v2\/product_tag?post=1389"}],"curies":[{"name":"wp","href":"https:\/\/api.w.org\/{rel}","templated":true}]}}