{"id":12879,"date":"2026-04-08T17:59:18","date_gmt":"2026-04-08T15:59:18","guid":{"rendered":"https:\/\/shop.allnav.ch\/produkt\/non%20class\u00e9\/dji-matrice-4-chargeur-pour-4-batteries\/"},"modified":"2026-04-08T18:05:35","modified_gmt":"2026-04-08T16:05:35","slug":"dji-matrice-4-chargeur-pour-4-batteries","status":"publish","type":"product","link":"https:\/\/shop.allnav.ch\/fr\/produkt\/drones-uas\/dji-fr\/dji-matrice-4-fr\/dji-matrice-4-chargeur-pour-4-batteries\/","title":{"rendered":"DJI Matrice 4 &#8211; chargeur pour 4 batteries"},"content":{"rendered":"<p>La station de charge de la s\u00e9rie DJI Matrice 4 a \u00e9t\u00e9 con\u00e7ue pour \u00eatre utilis\u00e9e avec les batteries de vol intelligentes Matrice 4. Il est possible de charger jusqu&rsquo;\u00e0 trois batteries de vol intelligentes l&rsquo;une apr\u00e8s l&rsquo;autre, la batterie avec le niveau de charge le plus \u00e9lev\u00e9 \u00e9tant charg\u00e9e en premier. La station de recharge des batteries supporte aussi bien le mode standard que le mode pr\u00eat \u00e0 voler. En mode standard, toutes les batteries sont charg\u00e9es \u00e0 100% les unes apr\u00e8s les autres. En mode \u00ab\u00a0pr\u00eat \u00e0 voler\u00a0\u00bb, toutes les batteries sont charg\u00e9es \u00e0 90% les unes apr\u00e8s les autres. Cette valeur est maintenue pour un d\u00e9ploiement rapide.<\/p>\n","protected":false},"excerpt":{"rendered":"<ul class=\"bpaB8acr bpaYQOAB\">\n<li class=\"bpavkRfc\">Mod\u00e8le: CHX345-100<\/li>\n<li class=\"bpavkRfc\">Compatible avec le chargeur portable DJI 100W<\/li>\n<li class=\"bpavkRfc\">Compatible avec le mod\u00e8le de batterie BPX345-6741-14.76<\/li>\n<li class=\"bpavkRfc\">Temp\u00e9rature de fonctionnement: 5 \u00b0C \u00e0 40 \u00b0C<\/li>\n<li class=\"bpavkRfc\">Entr\u00e9e: 5 \u00e0 20 V, 5 A max.<\/li>\n<\/ul>\n","protected":false},"featured_media":12890,"template":"","meta":[],"product_brand":[],"product_cat":[580],"product_tag":[],"class_list":{"0":"post-12879","1":"product","2":"type-product","3":"status-publish","4":"has-post-thumbnail","6":"product_cat-dji-matrice-4-fr","8":"first","9":"instock","10":"taxable","11":"shipping-taxable","12":"purchasable","13":"product-type-simple"},"_links":{"self":[{"href":"https:\/\/shop.allnav.ch\/fr\/wp-json\/wp\/v2\/product\/12879","targetHints":{"allow":["GET"]}}],"collection":[{"href":"https:\/\/shop.allnav.ch\/fr\/wp-json\/wp\/v2\/product"}],"about":[{"href":"https:\/\/shop.allnav.ch\/fr\/wp-json\/wp\/v2\/types\/product"}],"wp:featuredmedia":[{"embeddable":true,"href":"https:\/\/shop.allnav.ch\/fr\/wp-json\/wp\/v2\/media\/12890"}],"wp:attachment":[{"href":"https:\/\/shop.allnav.ch\/fr\/wp-json\/wp\/v2\/media?parent=12879"}],"wp:term":[{"taxonomy":"product_brand","embeddable":true,"href":"https:\/\/shop.allnav.ch\/fr\/wp-json\/wp\/v2\/product_brand?post=12879"},{"taxonomy":"product_cat","embeddable":true,"href":"https:\/\/shop.allnav.ch\/fr\/wp-json\/wp\/v2\/product_cat?post=12879"},{"taxonomy":"product_tag","embeddable":true,"href":"https:\/\/shop.allnav.ch\/fr\/wp-json\/wp\/v2\/product_tag?post=12879"}],"curies":[{"name":"wp","href":"https:\/\/api.w.org\/{rel}","templated":true}]}}