{"id":12654,"date":"2025-12-11T15:50:15","date_gmt":"2025-12-11T14:50:15","guid":{"rendered":"https:\/\/shop.allnav.ch\/produkt\/non%20class\u00e9\/tsc710-tsc510-li-35-battery-pack\/"},"modified":"2025-12-11T17:06:50","modified_gmt":"2025-12-11T16:06:50","slug":"tsc710-tsc510-li-35-battery-pack","status":"publish","type":"product","link":"https:\/\/shop.allnav.ch\/fr\/produkt\/accessoires-trimble\/unites-de-controle\/tsc710\/tsc710-tsc510-li-35-battery-pack\/","title":{"rendered":"TSC710 &amp; TSC510 &#8211; Li-35 battery pack"},"content":{"rendered":"<p>La Li-35 est une batterie lithium-ion de 34,85 Wh (7,26 V \/ 4800 mAh) pour contr\u00f4leurs Trimble. Elle dispose d&rsquo;un connecteur \u00e0 contact \u00e9tendu avec contact \u00ab Presence \u00bb pour un maintien s\u00fbr et d&rsquo;un port USB-C pour le chargement dans l&rsquo;appareil ou en externe. Des voyants LED blancs indiquent l&rsquo;\u00e9tat de charge et le niveau de la batterie. En combinaison avec la batterie interne du contr\u00f4leur, l&rsquo;autonomie est doubl\u00e9e.<\/p>\n","protected":false},"excerpt":{"rendered":"<p>La Li-35 est une batterie lithium-ion de 34,85 Wh (7,26 V \/ 4800 mAh) pour contr\u00f4leurs Trimble. Elle dispose d&rsquo;un connecteur \u00e0 contact \u00e9tendu avec contact \u00ab Presence \u00bb pour un maintien s\u00fbr et d&rsquo;un port USB-C pour le chargement dans l&rsquo;appareil ou en externe. Des voyants LED blancs indiquent l&rsquo;\u00e9tat de charge et le [&hellip;]<\/p>\n","protected":false},"featured_media":12701,"template":"","meta":[],"product_brand":[],"product_cat":[602],"product_tag":[],"class_list":{"0":"post-12654","1":"product","2":"type-product","3":"status-publish","4":"has-post-thumbnail","6":"product_cat-tsc710","8":"first","9":"instock","10":"taxable","11":"shipping-taxable","12":"purchasable","13":"product-type-simple"},"_links":{"self":[{"href":"https:\/\/shop.allnav.ch\/fr\/wp-json\/wp\/v2\/product\/12654","targetHints":{"allow":["GET"]}}],"collection":[{"href":"https:\/\/shop.allnav.ch\/fr\/wp-json\/wp\/v2\/product"}],"about":[{"href":"https:\/\/shop.allnav.ch\/fr\/wp-json\/wp\/v2\/types\/product"}],"wp:featuredmedia":[{"embeddable":true,"href":"https:\/\/shop.allnav.ch\/fr\/wp-json\/wp\/v2\/media\/12701"}],"wp:attachment":[{"href":"https:\/\/shop.allnav.ch\/fr\/wp-json\/wp\/v2\/media?parent=12654"}],"wp:term":[{"taxonomy":"product_brand","embeddable":true,"href":"https:\/\/shop.allnav.ch\/fr\/wp-json\/wp\/v2\/product_brand?post=12654"},{"taxonomy":"product_cat","embeddable":true,"href":"https:\/\/shop.allnav.ch\/fr\/wp-json\/wp\/v2\/product_cat?post=12654"},{"taxonomy":"product_tag","embeddable":true,"href":"https:\/\/shop.allnav.ch\/fr\/wp-json\/wp\/v2\/product_tag?post=12654"}],"curies":[{"name":"wp","href":"https:\/\/api.w.org\/{rel}","templated":true}]}}