{"id":12652,"date":"2025-12-11T15:50:12","date_gmt":"2025-12-11T14:50:12","guid":{"rendered":"https:\/\/shop.allnav.ch\/produkt\/non%20class\u00e9\/tsc710-feuille-de-protection-decran\/"},"modified":"2025-12-11T16:51:56","modified_gmt":"2025-12-11T15:51:56","slug":"tsc710-feuille-de-protection-decran","status":"publish","type":"product","link":"https:\/\/shop.allnav.ch\/fr\/produkt\/accessoires-trimble\/unites-de-controle\/tsc710\/tsc710-feuille-de-protection-decran\/","title":{"rendered":"TSC710 &#8211; Feuille de protection d&rsquo;\u00e9cran"},"content":{"rendered":"<ul>\n<li><b>Sp\u00e9cialement con\u00e7u pour le TSC710<\/b> \u2013 ajustement parfait.<\/li>\n<li><b>Verre tremp\u00e9<\/b> \u2013 protection suppl\u00e9mentaire contre les rayures et les chocs.<\/li>\n<li><b>Installation facile<\/b> \u2013 sans bulles d&rsquo;air.<\/li>\n<li><b>Clart\u00e9 maximale<\/b> \u2013 pr\u00e9serve la visibilit\u00e9 et la fonctionnalit\u00e9 tactile.<\/li>\n<\/ul>\n","protected":false},"excerpt":{"rendered":"<p>Sp\u00e9cialement con\u00e7u pour le TSC710 \u2013 ajustement parfait. Verre tremp\u00e9 \u2013 protection suppl\u00e9mentaire contre les rayures et les chocs. Installation facile \u2013 sans bulles d&rsquo;air. Clart\u00e9 maximale \u2013 pr\u00e9serve la visibilit\u00e9 et la fonctionnalit\u00e9 tactile.<\/p>\n","protected":false},"featured_media":12695,"template":"","meta":[],"product_brand":[],"product_cat":[602],"product_tag":[],"class_list":{"0":"post-12652","1":"product","2":"type-product","3":"status-publish","4":"has-post-thumbnail","6":"product_cat-tsc710","8":"first","9":"instock","10":"taxable","11":"shipping-taxable","12":"purchasable","13":"product-type-simple"},"_links":{"self":[{"href":"https:\/\/shop.allnav.ch\/fr\/wp-json\/wp\/v2\/product\/12652","targetHints":{"allow":["GET"]}}],"collection":[{"href":"https:\/\/shop.allnav.ch\/fr\/wp-json\/wp\/v2\/product"}],"about":[{"href":"https:\/\/shop.allnav.ch\/fr\/wp-json\/wp\/v2\/types\/product"}],"wp:featuredmedia":[{"embeddable":true,"href":"https:\/\/shop.allnav.ch\/fr\/wp-json\/wp\/v2\/media\/12695"}],"wp:attachment":[{"href":"https:\/\/shop.allnav.ch\/fr\/wp-json\/wp\/v2\/media?parent=12652"}],"wp:term":[{"taxonomy":"product_brand","embeddable":true,"href":"https:\/\/shop.allnav.ch\/fr\/wp-json\/wp\/v2\/product_brand?post=12652"},{"taxonomy":"product_cat","embeddable":true,"href":"https:\/\/shop.allnav.ch\/fr\/wp-json\/wp\/v2\/product_cat?post=12652"},{"taxonomy":"product_tag","embeddable":true,"href":"https:\/\/shop.allnav.ch\/fr\/wp-json\/wp\/v2\/product_tag?post=12652"}],"curies":[{"name":"wp","href":"https:\/\/api.w.org\/{rel}","templated":true}]}}