{"id":12650,"date":"2025-12-11T15:50:10","date_gmt":"2025-12-11T14:50:10","guid":{"rendered":"https:\/\/shop.allnav.ch\/produkt\/non%20class\u00e9\/tsc710-tsc510-t110-cable-usb-c-vers-usb-c\/"},"modified":"2025-12-11T16:46:26","modified_gmt":"2025-12-11T15:46:26","slug":"tsc710-tsc510-t110-cable-usb-c-vers-usb-c","status":"publish","type":"product","link":"https:\/\/shop.allnav.ch\/fr\/produkt\/accessoires-trimble\/unites-de-controle\/trimble-t110\/tsc710-tsc510-t110-cable-usb-c-vers-usb-c\/","title":{"rendered":"TSC710, TSC510 &amp; T110 &#8211; C\u00e2ble USB-C vers USB-C"},"content":{"rendered":"<p>C\u00e2ble USB 3.1 de haute qualit\u00e9, de type C \u00e0 type C, d&rsquo;une longueur de 2 m\u00e8tres, permettant une recharge rapide et un transfert de donn\u00e9es fiable.<\/p>\n","protected":false},"excerpt":{"rendered":"<p>C\u00e2ble USB 3.1 de haute qualit\u00e9, de type C \u00e0 type C, d&rsquo;une longueur de 2 m\u00e8tres, permettant une recharge rapide et un transfert de donn\u00e9es fiable.<\/p>\n","protected":false},"featured_media":12689,"template":"","meta":[],"product_brand":[],"product_cat":[487,568,602],"product_tag":[],"class_list":{"0":"post-12650","1":"product","2":"type-product","3":"status-publish","4":"has-post-thumbnail","6":"product_cat-trimble-t110","7":"product_cat-tsc510-fr","8":"product_cat-tsc710","10":"first","11":"instock","12":"taxable","13":"shipping-taxable","14":"purchasable","15":"product-type-simple"},"_links":{"self":[{"href":"https:\/\/shop.allnav.ch\/fr\/wp-json\/wp\/v2\/product\/12650","targetHints":{"allow":["GET"]}}],"collection":[{"href":"https:\/\/shop.allnav.ch\/fr\/wp-json\/wp\/v2\/product"}],"about":[{"href":"https:\/\/shop.allnav.ch\/fr\/wp-json\/wp\/v2\/types\/product"}],"wp:featuredmedia":[{"embeddable":true,"href":"https:\/\/shop.allnav.ch\/fr\/wp-json\/wp\/v2\/media\/12689"}],"wp:attachment":[{"href":"https:\/\/shop.allnav.ch\/fr\/wp-json\/wp\/v2\/media?parent=12650"}],"wp:term":[{"taxonomy":"product_brand","embeddable":true,"href":"https:\/\/shop.allnav.ch\/fr\/wp-json\/wp\/v2\/product_brand?post=12650"},{"taxonomy":"product_cat","embeddable":true,"href":"https:\/\/shop.allnav.ch\/fr\/wp-json\/wp\/v2\/product_cat?post=12650"},{"taxonomy":"product_tag","embeddable":true,"href":"https:\/\/shop.allnav.ch\/fr\/wp-json\/wp\/v2\/product_tag?post=12650"}],"curies":[{"name":"wp","href":"https:\/\/api.w.org\/{rel}","templated":true}]}}