{"id":12646,"date":"2025-12-11T15:50:04","date_gmt":"2025-12-11T14:50:04","guid":{"rendered":"https:\/\/shop.allnav.ch\/produkt\/non%20class\u00e9\/tsc710-support-de-canne-sans-pince-de-serrage-pour-la-canne\/"},"modified":"2025-12-11T16:28:04","modified_gmt":"2025-12-11T15:28:04","slug":"tsc710-support-de-canne-sans-pince-de-serrage-pour-la-canne","status":"publish","type":"product","link":"https:\/\/shop.allnav.ch\/fr\/produkt\/accessoires-trimble\/unites-de-controle\/tsc710\/tsc710-support-de-canne-sans-pince-de-serrage-pour-la-canne\/","title":{"rendered":"TSC710 &#8211; Support de canne (sans pince de serrage pour la canne)"},"content":{"rendered":"<p>le kit TSC710 Device Bracket permet une fixation rapide et stable du contr\u00f4leur Trimble sur une perche. Le syst\u00e8me de d\u00e9gagement rapide facilite le changement de configuration, tandis que le porte-stylet int\u00e9gr\u00e9 garantit un acc\u00e8s imm\u00e9diat au stylet. Con\u00e7u pour une utilisation professionnelle sur le terrain.<\/p>\n<p>Contenu de l\u2019emballage :<br \/>\n1\u00d7 Support de perche TSC710<br \/>\n1\u00d7 Porte-stylet 18 mm<br \/>\n1\u00d7 Goupille \u00e0 d\u00e9gagement rapide 18 mm<br \/>\n4\u00d7 Vis M4\u00d76 \u00e0 t\u00eate extra-plate<br \/>\n1\u00d7 Capuchon 18 mm<\/p>\n","protected":false},"excerpt":{"rendered":"<p>le kit TSC710 Device Bracket permet une fixation rapide et stable du contr\u00f4leur Trimble sur une perche. Le syst\u00e8me de d\u00e9gagement rapide facilite le changement de configuration, tandis que le porte-stylet int\u00e9gr\u00e9 garantit un acc\u00e8s imm\u00e9diat au stylet. Con\u00e7u pour une utilisation professionnelle sur le terrain. Contenu de l\u2019emballage : 1\u00d7 Support de perche TSC710 [&hellip;]<\/p>\n","protected":false},"featured_media":12671,"template":"","meta":[],"product_brand":[],"product_cat":[602],"product_tag":[],"class_list":{"0":"post-12646","1":"product","2":"type-product","3":"status-publish","4":"has-post-thumbnail","6":"product_cat-tsc710","8":"first","9":"instock","10":"taxable","11":"shipping-taxable","12":"purchasable","13":"product-type-simple"},"_links":{"self":[{"href":"https:\/\/shop.allnav.ch\/fr\/wp-json\/wp\/v2\/product\/12646","targetHints":{"allow":["GET"]}}],"collection":[{"href":"https:\/\/shop.allnav.ch\/fr\/wp-json\/wp\/v2\/product"}],"about":[{"href":"https:\/\/shop.allnav.ch\/fr\/wp-json\/wp\/v2\/types\/product"}],"wp:featuredmedia":[{"embeddable":true,"href":"https:\/\/shop.allnav.ch\/fr\/wp-json\/wp\/v2\/media\/12671"}],"wp:attachment":[{"href":"https:\/\/shop.allnav.ch\/fr\/wp-json\/wp\/v2\/media?parent=12646"}],"wp:term":[{"taxonomy":"product_brand","embeddable":true,"href":"https:\/\/shop.allnav.ch\/fr\/wp-json\/wp\/v2\/product_brand?post=12646"},{"taxonomy":"product_cat","embeddable":true,"href":"https:\/\/shop.allnav.ch\/fr\/wp-json\/wp\/v2\/product_cat?post=12646"},{"taxonomy":"product_tag","embeddable":true,"href":"https:\/\/shop.allnav.ch\/fr\/wp-json\/wp\/v2\/product_tag?post=12646"}],"curies":[{"name":"wp","href":"https:\/\/api.w.org\/{rel}","templated":true}]}}