{"id":12644,"date":"2025-12-11T15:50:01","date_gmt":"2025-12-11T14:50:01","guid":{"rendered":"https:\/\/shop.allnav.ch\/produkt\/non%20class\u00e9\/tsc710-tsc510-t110-usb-c-charger-65w\/"},"modified":"2026-03-20T14:32:34","modified_gmt":"2026-03-20T13:32:34","slug":"tsc710-tsc510-t110-usb-c-charger-65w","status":"publish","type":"product","link":"https:\/\/shop.allnav.ch\/fr\/produkt\/accessoires-trimble\/unites-de-controle\/trimble-t110\/tsc710-tsc510-t110-usb-c-charger-65w\/","title":{"rendered":"TSC710, TSC510 &amp; T110 &#8211; USB-C Charger (65W)"},"content":{"rendered":"<p>Puissant chargeur USB Type-C de 65 W, id\u00e9al pour recharger rapidement et en toute s\u00e9curit\u00e9 les contr\u00f4leurs de terrain et les tablettes Trimble.<\/p>\n","protected":false},"excerpt":{"rendered":"<p>Puissant chargeur USB Type-C de 65 W, id\u00e9al pour recharger rapidement et en toute s\u00e9curit\u00e9 les contr\u00f4leurs de terrain et les tablettes Trimble.<\/p>\n","protected":false},"featured_media":12665,"template":"","meta":[],"product_brand":[],"product_cat":[487,568,502],"product_tag":[],"class_list":{"0":"post-12644","1":"product","2":"type-product","3":"status-publish","4":"has-post-thumbnail","6":"product_cat-trimble-t110","7":"product_cat-tsc510-fr","8":"product_cat-trimble-tsc7-fr","10":"first","11":"instock","12":"taxable","13":"shipping-taxable","14":"purchasable","15":"product-type-simple"},"_links":{"self":[{"href":"https:\/\/shop.allnav.ch\/fr\/wp-json\/wp\/v2\/product\/12644","targetHints":{"allow":["GET"]}}],"collection":[{"href":"https:\/\/shop.allnav.ch\/fr\/wp-json\/wp\/v2\/product"}],"about":[{"href":"https:\/\/shop.allnav.ch\/fr\/wp-json\/wp\/v2\/types\/product"}],"wp:featuredmedia":[{"embeddable":true,"href":"https:\/\/shop.allnav.ch\/fr\/wp-json\/wp\/v2\/media\/12665"}],"wp:attachment":[{"href":"https:\/\/shop.allnav.ch\/fr\/wp-json\/wp\/v2\/media?parent=12644"}],"wp:term":[{"taxonomy":"product_brand","embeddable":true,"href":"https:\/\/shop.allnav.ch\/fr\/wp-json\/wp\/v2\/product_brand?post=12644"},{"taxonomy":"product_cat","embeddable":true,"href":"https:\/\/shop.allnav.ch\/fr\/wp-json\/wp\/v2\/product_cat?post=12644"},{"taxonomy":"product_tag","embeddable":true,"href":"https:\/\/shop.allnav.ch\/fr\/wp-json\/wp\/v2\/product_tag?post=12644"}],"curies":[{"name":"wp","href":"https:\/\/api.w.org\/{rel}","templated":true}]}}