{"id":12642,"date":"2025-12-11T15:49:58","date_gmt":"2025-12-11T14:49:58","guid":{"rendered":"https:\/\/shop.allnav.ch\/produkt\/non%20class\u00e9\/tsc710-tsc510-sacoche\/"},"modified":"2025-12-11T15:55:52","modified_gmt":"2025-12-11T14:55:52","slug":"tsc710-tsc510-sacoche","status":"publish","type":"product","link":"https:\/\/shop.allnav.ch\/fr\/produkt\/accessoires-trimble\/unites-de-controle\/tsc510-fr\/tsc710-tsc510-sacoche\/","title":{"rendered":"TSC710 &amp; TSC510 &#8211; Sacoche"},"content":{"rendered":"<p>Cette sacoche souple a \u00e9t\u00e9 con\u00e7ue pour transporter votre contr\u00f4leur Trimble TSC (TSC510, TSC5, TSC710 et TSC7) et vos accessoires en toute s\u00e9curit\u00e9 et confortablement.<br \/>\nElle est fabriqu\u00e9e dans un mat\u00e9riau r\u00e9sistant et l\u00e9ger et dispose d&rsquo;une fermeture \u00e9clair renforc\u00e9e pour une protection suppl\u00e9mentaire.<br \/>\nLa sacoche offre suffisamment d&rsquo;espace pour votre contr\u00f4leur, vos c\u00e2bles et vos petits accessoires. Elle est \u00e9quip\u00e9e de poign\u00e9es et d&rsquo;une bandouli\u00e8re amovible pour un confort de transport optimal.<br \/>\nId\u00e9ale pour une utilisation quotidienne sur le terrain.<\/p>\n","protected":false},"excerpt":{"rendered":"<p>Cette sacoche souple a \u00e9t\u00e9 con\u00e7ue pour transporter votre contr\u00f4leur Trimble TSC (TSC510, TSC5, TSC710 et TSC7) et vos accessoires en toute s\u00e9curit\u00e9 et confortablement. Elle est fabriqu\u00e9e dans un mat\u00e9riau r\u00e9sistant et l\u00e9ger et dispose d&rsquo;une fermeture \u00e9clair renforc\u00e9e pour une protection suppl\u00e9mentaire. La sacoche offre suffisamment d&rsquo;espace pour votre contr\u00f4leur, vos c\u00e2bles et [&hellip;]<\/p>\n","protected":false},"featured_media":12658,"template":"","meta":[],"product_brand":[],"product_cat":[568,502,602],"product_tag":[],"class_list":{"0":"post-12642","1":"product","2":"type-product","3":"status-publish","4":"has-post-thumbnail","6":"product_cat-tsc510-fr","7":"product_cat-trimble-tsc7-fr","8":"product_cat-tsc710","10":"first","11":"instock","12":"taxable","13":"shipping-taxable","14":"purchasable","15":"product-type-simple"},"_links":{"self":[{"href":"https:\/\/shop.allnav.ch\/fr\/wp-json\/wp\/v2\/product\/12642","targetHints":{"allow":["GET"]}}],"collection":[{"href":"https:\/\/shop.allnav.ch\/fr\/wp-json\/wp\/v2\/product"}],"about":[{"href":"https:\/\/shop.allnav.ch\/fr\/wp-json\/wp\/v2\/types\/product"}],"wp:featuredmedia":[{"embeddable":true,"href":"https:\/\/shop.allnav.ch\/fr\/wp-json\/wp\/v2\/media\/12658"}],"wp:attachment":[{"href":"https:\/\/shop.allnav.ch\/fr\/wp-json\/wp\/v2\/media?parent=12642"}],"wp:term":[{"taxonomy":"product_brand","embeddable":true,"href":"https:\/\/shop.allnav.ch\/fr\/wp-json\/wp\/v2\/product_brand?post=12642"},{"taxonomy":"product_cat","embeddable":true,"href":"https:\/\/shop.allnav.ch\/fr\/wp-json\/wp\/v2\/product_cat?post=12642"},{"taxonomy":"product_tag","embeddable":true,"href":"https:\/\/shop.allnav.ch\/fr\/wp-json\/wp\/v2\/product_tag?post=12642"}],"curies":[{"name":"wp","href":"https:\/\/api.w.org\/{rel}","templated":true}]}}