{"id":1225,"date":"2011-03-17T08:23:54","date_gmt":"2011-03-17T08:23:54","guid":{"rendered":"https:\/\/shop.allnav.ch\/?post_type=product&#038;p=1225"},"modified":"2011-04-13T06:25:43","modified_gmt":"2011-04-13T06:25:43","slug":"support-ajustable","status":"publish","type":"product","link":"https:\/\/shop.allnav.ch\/fr\/produkt\/accessoires-speciaux\/voies-ferrees\/reperes-de-voies-ferrees\/prismes-pour-voies-ferrees\/support-ajustable\/","title":{"rendered":"Support ajustable"},"content":{"rendered":"<p>Avec nivelle sph\u00e9rique.<\/p>\n<p>Avec le prisme sur support basculant (cf p.38) l\u2018hauteur est de 100 mm.<\/p>\n","protected":false},"excerpt":{"rendered":"<p>Assure le positionnement correct au dessus d\u2018une t\u00eate sph\u00e9rique. L\u2019axe de centrage<br \/>\nest positionn\u00e9 sur le point. Une nivelle sph\u00e9rique ajust\u00e9e par 2 vis de r\u00e8glage assure la<br \/>\nmise \u00e0 niveau. <\/p>\n","protected":false},"featured_media":1226,"template":"","meta":[],"product_brand":[],"product_cat":[282,266],"product_tag":[],"class_list":{"0":"post-1225","1":"product","2":"type-product","3":"status-publish","4":"has-post-thumbnail","6":"product_cat-prismes-pour-voies-ferrees","7":"product_cat-supports-de-reflecteur","9":"first","10":"onbackorder","11":"taxable","12":"shipping-taxable","13":"purchasable","14":"product-type-simple"},"_links":{"self":[{"href":"https:\/\/shop.allnav.ch\/fr\/wp-json\/wp\/v2\/product\/1225","targetHints":{"allow":["GET"]}}],"collection":[{"href":"https:\/\/shop.allnav.ch\/fr\/wp-json\/wp\/v2\/product"}],"about":[{"href":"https:\/\/shop.allnav.ch\/fr\/wp-json\/wp\/v2\/types\/product"}],"wp:featuredmedia":[{"embeddable":true,"href":"https:\/\/shop.allnav.ch\/fr\/wp-json\/wp\/v2\/media\/1226"}],"wp:attachment":[{"href":"https:\/\/shop.allnav.ch\/fr\/wp-json\/wp\/v2\/media?parent=1225"}],"wp:term":[{"taxonomy":"product_brand","embeddable":true,"href":"https:\/\/shop.allnav.ch\/fr\/wp-json\/wp\/v2\/product_brand?post=1225"},{"taxonomy":"product_cat","embeddable":true,"href":"https:\/\/shop.allnav.ch\/fr\/wp-json\/wp\/v2\/product_cat?post=1225"},{"taxonomy":"product_tag","embeddable":true,"href":"https:\/\/shop.allnav.ch\/fr\/wp-json\/wp\/v2\/product_tag?post=1225"}],"curies":[{"name":"wp","href":"https:\/\/api.w.org\/{rel}","templated":true}]}}