{"id":1210,"date":"2011-03-17T08:23:42","date_gmt":"2011-03-17T08:23:42","guid":{"rendered":"https:\/\/shop.allnav.ch\/?post_type=product&#038;p=1210"},"modified":"2025-05-22T18:45:37","modified_gmt":"2025-05-22T16:45:37","slug":"prisme-avec-support-basculant","status":"publish","type":"product","link":"https:\/\/shop.allnav.ch\/fr\/produkt\/accessoires-speciaux\/tunnels\/laser-pour-tunnel\/prisme-avec-support-basculant\/","title":{"rendered":"Prisme avec support basculant"},"content":{"rendered":"<p>Eclair\u00e9<\/p>\n<p>Livrable avec constante de prisme -30 mm, -34 mm ou -35 mm.<\/p>\n","protected":false},"excerpt":{"rendered":"<p>Une diode est install\u00e9e au centre du prisme. L\u2018alimentation en courant s\u2018effectue par<br \/>\nune batterie externe. Cela a l\u2018avantage que la batterie peut \u00eatre charg\u00e9e s\u00e9par\u00e9ment du<br \/>\nprisme. Lors de la mesure de voies ferr\u00e9es, la diode et le c\u00e2ble de raccordement sont<br \/>\ntellement compacts que le prisme peut \u00eatre tourn\u00e9 librement sur le m\u00e2t de cat\u00e9naire.<\/p>\n","protected":false},"featured_media":1211,"template":"","meta":[],"product_brand":[],"product_cat":[264],"product_tag":[],"class_list":{"0":"post-1210","1":"product","2":"type-product","3":"status-publish","4":"has-post-thumbnail","6":"product_cat-laser-pour-tunnel","8":"first","9":"instock","10":"taxable","11":"shipping-taxable","12":"product-type-grouped"},"_links":{"self":[{"href":"https:\/\/shop.allnav.ch\/fr\/wp-json\/wp\/v2\/product\/1210","targetHints":{"allow":["GET"]}}],"collection":[{"href":"https:\/\/shop.allnav.ch\/fr\/wp-json\/wp\/v2\/product"}],"about":[{"href":"https:\/\/shop.allnav.ch\/fr\/wp-json\/wp\/v2\/types\/product"}],"wp:featuredmedia":[{"embeddable":true,"href":"https:\/\/shop.allnav.ch\/fr\/wp-json\/wp\/v2\/media\/1211"}],"wp:attachment":[{"href":"https:\/\/shop.allnav.ch\/fr\/wp-json\/wp\/v2\/media?parent=1210"}],"wp:term":[{"taxonomy":"product_brand","embeddable":true,"href":"https:\/\/shop.allnav.ch\/fr\/wp-json\/wp\/v2\/product_brand?post=1210"},{"taxonomy":"product_cat","embeddable":true,"href":"https:\/\/shop.allnav.ch\/fr\/wp-json\/wp\/v2\/product_cat?post=1210"},{"taxonomy":"product_tag","embeddable":true,"href":"https:\/\/shop.allnav.ch\/fr\/wp-json\/wp\/v2\/product_tag?post=1210"}],"curies":[{"name":"wp","href":"https:\/\/api.w.org\/{rel}","templated":true}]}}