{"id":11139,"date":"2023-06-09T16:30:10","date_gmt":"2023-06-09T14:30:10","guid":{"rendered":"https:\/\/shop.allnav.ch\/shop\/non%20class\u00e9\/trepied-en-bois-lourd-autobloquant-noir-jaune-avec-tete-rond\/"},"modified":"2025-07-18T07:54:13","modified_gmt":"2025-07-18T05:54:13","slug":"trepied-en-bois-lourd-autobloquant-noir-jaune-avec-tete-rond","status":"publish","type":"product","link":"https:\/\/shop.allnav.ch\/fr\/produkt\/accessoires-trimble\/stations-totales-trimble\/trimble-s-series-f\/accessoires-instrument\/trepied-en-bois-lourd-autobloquant-noir-jaune-avec-tete-rond\/","title":{"rendered":"Tr\u00e9pied en bois, lourd, autobloquant, noir-jaune, avec t\u00eate ronde"},"content":{"rendered":"<p>Hauteur minimum: 1,02 m \u2013 Hauteur maximum: 1,80 m<\/p>\n<p>Longue dur\u00e9e de vie, r\u00e9siste \u00e0 la torsion et amortit remarquablement les vibrations.<br \/>\nDomaines d\u2019utilisation: niveaux, lasers, stations totales et GNSS.<\/p>\n","protected":false},"excerpt":{"rendered":"<p>Nouvelle version renforc\u00e9e adapt\u00e9e \u00e0 la s\u00e9rie SX de Trimble, avec t\u00eate ronde<\/p>\n<p>Version lourde avec serrage vis papillon lat\u00e9ral. Le syst\u00e8me autobloquant pratique rend le transport plus facile.<\/p>\n","protected":false},"featured_media":11147,"template":"","meta":[],"product_brand":[],"product_cat":[328,549,428,551,310,542],"product_tag":[],"class_list":{"0":"post-11139","1":"product","2":"type-product","3":"status-publish","4":"has-post-thumbnail","6":"product_cat-accessoires-instrument","7":"product_cat-accessoires-station-de-base","8":"product_cat-trepieds-accessoires-pour-station-totale-et-gnss","9":"product_cat-trimble-c5-fr","10":"product_cat-trimble-m3-fr","11":"product_cat-trimble-sx-series-fr","13":"first","14":"instock","15":"taxable","16":"shipping-taxable","17":"purchasable","18":"product-type-simple"},"_links":{"self":[{"href":"https:\/\/shop.allnav.ch\/fr\/wp-json\/wp\/v2\/product\/11139","targetHints":{"allow":["GET"]}}],"collection":[{"href":"https:\/\/shop.allnav.ch\/fr\/wp-json\/wp\/v2\/product"}],"about":[{"href":"https:\/\/shop.allnav.ch\/fr\/wp-json\/wp\/v2\/types\/product"}],"wp:featuredmedia":[{"embeddable":true,"href":"https:\/\/shop.allnav.ch\/fr\/wp-json\/wp\/v2\/media\/11147"}],"wp:attachment":[{"href":"https:\/\/shop.allnav.ch\/fr\/wp-json\/wp\/v2\/media?parent=11139"}],"wp:term":[{"taxonomy":"product_brand","embeddable":true,"href":"https:\/\/shop.allnav.ch\/fr\/wp-json\/wp\/v2\/product_brand?post=11139"},{"taxonomy":"product_cat","embeddable":true,"href":"https:\/\/shop.allnav.ch\/fr\/wp-json\/wp\/v2\/product_cat?post=11139"},{"taxonomy":"product_tag","embeddable":true,"href":"https:\/\/shop.allnav.ch\/fr\/wp-json\/wp\/v2\/product_tag?post=11139"}],"curies":[{"name":"wp","href":"https:\/\/api.w.org\/{rel}","templated":true}]}}