{"id":10858,"date":"2022-10-20T18:03:12","date_gmt":"2022-10-20T16:03:12","guid":{"rendered":"https:\/\/shop.allnav.ch\/shop\/non%20class\u00e9\/dji-mavic-3-enterprise\/"},"modified":"2025-04-09T16:10:05","modified_gmt":"2025-04-09T14:10:05","slug":"dji-mavic-3-enterprise","status":"publish","type":"product","link":"https:\/\/shop.allnav.ch\/fr\/produkt\/drones-uas\/dji-fr\/dji-mavic-3-fr\/dji-mavic-3-enterprise\/","title":{"rendered":"DJI Mavic 3 Enterprise (EU\/C2)"},"content":{"rendered":"<p class=\"ProductDescription-Lead\">Die Mavic 3E ist mit einer 20 Mpx Weitwinkel- und zus\u00e4tzlicher 12 Mpx Zoom-Kamera ausger\u00fcstet. Die Weitwinkelkamera deckt ein Breites Sichtfeld ab mit ihrem 84\u00b0 FoV (Field of View). Mit der Tele Kamera k\u00f6nnen Sie bis ins kleinste Detail zoomen mit ihrem 56x Hybrid Zoom. Pro Akkuladung kann die Mavic 3E bis zu 45 Minuten in der fliegen. Der Flugakku kann ohne Werkzeug gewechselt werden. Zus\u00e4tzlich ist die Drohne mit omnidirektionalen Hindernissensoren ausger\u00fcstet, um einen m\u00f6glichst sicheren Flug zu erm\u00f6glichen. Die RC Pro Enterprise Fernsteuerung ist mit einem 5.5&Prime; Full-HD Touchscreen ausger\u00fcstet. Mit der DJI Ocusync 3 \u00dcbertragung sind Funk-Reichweiten von bis zu 8 km m\u00f6glich.<\/p>\n<div class=\"ProductDescription-Paragraph\">\n<h4 class=\"ProductDescription-ParagraphTitle\">Erweiterbar<\/h4>\n<p>Die Mavic 3 Enterprise kann bei Bedarf mit zus\u00e4tzlichen Modulen ausger\u00fcstet werden. Wie zum Beispiel dem optionalen RTK Modul oder Lautsprecher.<\/p>\n<\/div>\n<div class=\"ProductDescription-Paragraph\">\n<h4 class=\"ProductDescription-ParagraphTitle\">Brushless-Motor<\/h4>\n<p>Ein Brushless-Motor ist ein Elektromotor ohne B\u00fcrsten, welcher sich im Vergleich zum Brushed-Motor durch einen h\u00f6heren Wirkungsgrad, geringeren Verschleiss und das niedrigere Gewicht auszeichnet.<\/p>\n<\/div>\n<div class=\"ProductDescription-Paragraph\">\n<h4 class=\"ProductDescription-ParagraphTitle\">Schwierigkeitsgrad: Fortgeschritten<\/h4>\n<p>Sie besitzen ein Grundwissen und verf\u00fcgen \u00fcber die notwendige Erfahrung und geeignetes Werkzeug, um Ihr Modell n\u00f6tigenfalls selbst korrekt zu verkabeln sowie sicher in Betrieb zu nehmen.<\/p>\n<\/div>\n<div class=\"ProductDescription-Paragraph\">\n<h4 class=\"ProductDescription-ParagraphTitle\">RTF \u2013 Ready to Fly<\/h4>\n<p>RTF-Modelle sind aus der Box heraus einsatzbereit. Sie erhalten ein Komplettpaket mit einem vorgefertigten Modell sowie einem kompatiblen Sender \u2013 auspacken und loslegen, dass ist die Devise von \u00abReady to Fly\u00bb-Modellen. Durch die einfache Handhabung eignet sich dieser Typ ideal zum Einstieg in die Modellsportwelt.<\/p>\n<\/div>\n<div class=\"ProductDescription-Paragraph\">\n<h4 class=\"ProductDescription-ParagraphTitle\">DJI Care Basic<\/h4>\n<p>Die DJI Enterprise Care Zusatzversicherungen decken verschiedene Risiken ab, wie diese \u00fcblicherweise beim Betrieb eines Multikopters auftreten k\u00f6nnen. Die Deckung umfasst Ersatzlieferung bei Bedienungsfehler, Abst\u00fcrzen, Kollisionen, Sch\u00e4den durch Wasser sowie Sch\u00e4den durch Signalverluste. Somit tr\u00e4gt das Leistungspaket massgeblich dazu bei, die get\u00e4tigte Investition abzusichern und Risiken zu minimieren. Nicht enthalten ist eine Haftpflichtversicherung, welche gem\u00e4ss den geltenden Schweizer Vorschriften zwingend separat abzuschliessen ist. Aktivieren Sie den Service innerhalb von 48 h gemeinsam mit einem neuen Ger\u00e4t und Sie erhalten die M\u00f6glichkeit, w\u00e4hrend der Versicherungslaufzeit bis zu zwei Ersatzger\u00e4te zu g\u00fcnstigen Konditionen (Liefer- und Versandkosten des Herstellers) beziehen zu k\u00f6nnen. Das entstehende Vertragsverh\u00e4ltnis besteht zwischen Ihnen als Kunden und dem Anbieter der Leistung DJI Enterprise. Beachten Sie, dass einige Enterprise Produkte DJI Enterprise Care Pakete bereits als Standardleistung des Herstellers enthalten. Der entsprechende Versicherungsschutz kann mit einem separat erh\u00e4ltliche Renew Paket um weitere 12 Monate verl\u00e4ngert werden. Zus\u00e4tzlich wird die die offizielle Garantiezeit des Produkts ebenfalls um 12 Monate verl\u00e4ngert. Die Anzahl Ersatzger\u00e4te reduziert sich dann auf maximal ein Ersatzger\u00e4t w\u00e4hrend der Laufzeit.<\/p>\n<\/div>\n<div  class='avia-video av-2gaqo7-ffebd9e1272fb8f2e23c74c27d00e85e avia-video-16-9 av-no-preview-image avia-video-load-always av-lazyload-immediate av-lazyload-video-embed'  itemprop=\"video\" itemtype=\"https:\/\/schema.org\/VideoObject\"  data-original_url='https:\/\/www.youtube.com\/watch?v=F8_PlKAh6fE'><script type='text\/html' class='av-video-tmpl'><div class='avia-iframe-wrap'><iframe loading=\"lazy\" title=\"DJI Mavic 3 Enterprise Series | Your Everyday Commercial Drone\" width=\"1500\" height=\"844\" src=\"https:\/\/www.youtube.com\/embed\/F8_PlKAh6fE?feature=oembed&autoplay=0&loop=0&controls=1&mute=0\" frameborder=\"0\" allow=\"accelerometer; autoplay; clipboard-write; encrypted-media; gyroscope; picture-in-picture\" allowfullscreen><\/iframe><\/div><\/script><div class='av-click-to-play-overlay'><div class=\"avia_playpause_icon\"><\/div><\/div><\/div>\n<div  class='avia-video av-2gaqo7-1-09df84746575aecf8cc571d861f1c1b0 avia-video-16-9 av-no-preview-image avia-video-load-always av-lazyload-immediate av-lazyload-video-embed'  itemprop=\"video\" itemtype=\"https:\/\/schema.org\/VideoObject\"  data-original_url='https:\/\/www.youtube.com\/watch?v=KH-ZReRtoec'><script type='text\/html' class='av-video-tmpl'><div class='avia-iframe-wrap'><iframe loading=\"lazy\" title=\"DJI Mavic 3 Enterprise Series: Everything You Need To Know\" width=\"1500\" height=\"844\" src=\"https:\/\/www.youtube.com\/embed\/KH-ZReRtoec?feature=oembed&autoplay=0&loop=0&controls=1&mute=0\" frameborder=\"0\" allow=\"accelerometer; autoplay; clipboard-write; encrypted-media; gyroscope; picture-in-picture\" allowfullscreen><\/iframe><\/div><\/script><div class='av-click-to-play-overlay'><div class=\"avia_playpause_icon\"><\/div><\/div><\/div>\n","protected":false},"excerpt":{"rendered":"<h3 class=\"ProductDescription-Subtitle\">Drone professionnel pour la photogrammetrie, contr\u00f4leur inclus<\/h3>\n<div class=\"ProductDescription-BulletPoints\">\n<ul class=\"cds-List cds-List--Bulleted\">\n<li>Cam\u00e9ra principale 20 Mpx avec capteur CMOS 4\/3&Prime; avec un obturateur m\u00e9canique<\/li>\n<li>Cam\u00e9ra t\u00e9l\u00e9objectif 12 Mpx avec capteur CMOS 1\/2&Prime; et zoom hybride 56x<\/li>\n<li>Jusqu&rsquo;\u00e0 8 km de port\u00e9e avec transmission vid\u00e9o Full HD<\/li>\n<li>Temps de vol jusqu&rsquo;\u00e0 45 min avec la batterie LiPo 5000 mAh<\/li>\n<li>D\u00e9tection omnidirectionnelle des obstacles<\/li>\n<li>Assurance DJI Care Basic: frais DJI sinistre 1 &#8211; 169 EUR, sinistre 2 &#8211; 179 EUR (y compris les frais de livraison et de transport de DJI \u00e0 votre domicile)<\/li>\n<\/ul>\n<h5><span style=\"color: #ff9900\">NOTRE RECOMMANDATION :<\/span><\/h5>\n<p><span style=\"color: #ff9900\">Commandez le <a href=\"https:\/\/shop.allnav.ch\/fr\/shop\/drones-uas\/dji-fr\/dji-mavic-3-module-rtk\/\" target=\"_blank\" rel=\"noopener\">module RTK<\/a> et le <a href=\"https:\/\/shop.allnav.ch\/shop\/drohnen-uas\/dji\/dji-mavic-3-fly-more-kit\/\" target=\"_blank\" rel=\"noopener\">kit Fly-More<\/a> en m\u00eame temps que votre drone !<\/span><\/p>\n<\/div>\n","protected":false},"featured_media":10891,"template":"","meta":[],"product_brand":[],"product_cat":[474,507,578],"product_tag":[],"class_list":{"0":"post-10858","1":"product","2":"type-product","3":"status-publish","4":"has-post-thumbnail","6":"product_cat-actuel","7":"product_cat-dji-fr","8":"product_cat-dji-mavic-3-fr","10":"first","11":"onbackorder","12":"taxable","13":"shipping-taxable","14":"purchasable","15":"product-type-simple"},"_links":{"self":[{"href":"https:\/\/shop.allnav.ch\/fr\/wp-json\/wp\/v2\/product\/10858","targetHints":{"allow":["GET"]}}],"collection":[{"href":"https:\/\/shop.allnav.ch\/fr\/wp-json\/wp\/v2\/product"}],"about":[{"href":"https:\/\/shop.allnav.ch\/fr\/wp-json\/wp\/v2\/types\/product"}],"wp:featuredmedia":[{"embeddable":true,"href":"https:\/\/shop.allnav.ch\/fr\/wp-json\/wp\/v2\/media\/10891"}],"wp:attachment":[{"href":"https:\/\/shop.allnav.ch\/fr\/wp-json\/wp\/v2\/media?parent=10858"}],"wp:term":[{"taxonomy":"product_brand","embeddable":true,"href":"https:\/\/shop.allnav.ch\/fr\/wp-json\/wp\/v2\/product_brand?post=10858"},{"taxonomy":"product_cat","embeddable":true,"href":"https:\/\/shop.allnav.ch\/fr\/wp-json\/wp\/v2\/product_cat?post=10858"},{"taxonomy":"product_tag","embeddable":true,"href":"https:\/\/shop.allnav.ch\/fr\/wp-json\/wp\/v2\/product_tag?post=10858"}],"curies":[{"name":"wp","href":"https:\/\/api.w.org\/{rel}","templated":true}]}}