{"id":10203,"date":"2021-06-25T15:22:23","date_gmt":"2021-06-25T13:22:23","guid":{"rendered":"https:\/\/shop.allnav.ch\/shop\/unkategorisiert\/sac-a-dos-pour-trimble-sx-serie\/"},"modified":"2025-12-24T12:13:02","modified_gmt":"2025-12-24T11:13:02","slug":"sac-a-dos-pour-trimble-sx-serie","status":"publish","type":"product","link":"https:\/\/shop.allnav.ch\/fr\/produkt\/accessoires-trimble\/stations-totales-trimble\/trimble-sx-series-fr\/sac-a-dos-pour-trimble-sx-serie\/","title":{"rendered":"Sac \u00e0 dos pour Trimble SX-Serie"},"content":{"rendered":"<p>Sac \u00e0 dos Softshell pour les instruments Trimble de la s\u00e9rie SX<\/p>\n<ul>\n<li>Compartiment principal avec insert en mousse pour :\n<ul>\n<li>Station totale de balayage Trimble SX10 ou SX12<\/li>\n<li>Trois batteries d&rsquo;instruments<\/li>\n<li>Prisme Trimble 360<\/li>\n<\/ul>\n<\/li>\n<li>Grande poche frontale pour le collecteur de donn\u00e9es de type tablette<\/li>\n<li>Poches lat\u00e9rales pour un rangement suppl\u00e9mentaire<\/li>\n<\/ul>\n","protected":false},"excerpt":{"rendered":"<p>Sac \u00e0 dos Softshell pour les instruments Trimble de la s\u00e9rie SX Compartiment principal avec insert en mousse pour : Station totale de balayage Trimble SX10 ou SX12 Trois batteries d&rsquo;instruments Prisme Trimble 360 Grande poche frontale pour le collecteur de donn\u00e9es de type tablette Poches lat\u00e9rales pour un rangement suppl\u00e9mentaire<\/p>\n","protected":false},"featured_media":10208,"template":"","meta":[],"product_brand":[],"product_cat":[542],"product_tag":[],"class_list":{"0":"post-10203","1":"product","2":"type-product","3":"status-publish","4":"has-post-thumbnail","6":"product_cat-trimble-sx-series-fr","8":"first","9":"onbackorder","10":"taxable","11":"shipping-taxable","12":"purchasable","13":"product-type-simple"},"_links":{"self":[{"href":"https:\/\/shop.allnav.ch\/fr\/wp-json\/wp\/v2\/product\/10203","targetHints":{"allow":["GET"]}}],"collection":[{"href":"https:\/\/shop.allnav.ch\/fr\/wp-json\/wp\/v2\/product"}],"about":[{"href":"https:\/\/shop.allnav.ch\/fr\/wp-json\/wp\/v2\/types\/product"}],"wp:featuredmedia":[{"embeddable":true,"href":"https:\/\/shop.allnav.ch\/fr\/wp-json\/wp\/v2\/media\/10208"}],"wp:attachment":[{"href":"https:\/\/shop.allnav.ch\/fr\/wp-json\/wp\/v2\/media?parent=10203"}],"wp:term":[{"taxonomy":"product_brand","embeddable":true,"href":"https:\/\/shop.allnav.ch\/fr\/wp-json\/wp\/v2\/product_brand?post=10203"},{"taxonomy":"product_cat","embeddable":true,"href":"https:\/\/shop.allnav.ch\/fr\/wp-json\/wp\/v2\/product_cat?post=10203"},{"taxonomy":"product_tag","embeddable":true,"href":"https:\/\/shop.allnav.ch\/fr\/wp-json\/wp\/v2\/product_tag?post=10203"}],"curies":[{"name":"wp","href":"https:\/\/api.w.org\/{rel}","templated":true}]}}