{"id":10111,"date":"2021-05-03T15:23:17","date_gmt":"2021-05-03T13:23:17","guid":{"rendered":"https:\/\/shop.allnav.ch\/shop\/unkategorisiert\/x7-sac-a-dos\/"},"modified":"2023-06-09T15:59:40","modified_gmt":"2023-06-09T13:59:40","slug":"x7-sac-a-dos","status":"publish","type":"product","link":"https:\/\/shop.allnav.ch\/fr\/produkt\/accessoires-trimble\/trimble-3d-fr\/x7-sac-a-dos\/","title":{"rendered":"X7 &amp; X9 &#8211; Sac \u00e0 dos"},"content":{"rendered":"<p>Sac \u00e0 dos pour Trimble X7 afin d&rsquo;am\u00e9liorer la mobilit\u00e9 sur le terrain et pour un transport facile<\/p>\n<p>Dimensions 432 mm x 330 mm x 254 mm<br \/>\nPoids : 1,5 kg<br \/>\nMat\u00e9riau ext\u00e9rieur &#8211; nylon balistique 1680D<br \/>\nInsert en mousse personnalis\u00e9 pour le X7, 3 batteries et le chargeur<br \/>\nPoches ext\u00e9rieures pour tablette et accessoires divers<br \/>\nSangles pour fixer le tr\u00e9pied pour une escalade mains libres<br \/>\nCompatible avec les bagages \u00e0 main des compagnies a\u00e9riennes<\/p>\n","protected":false},"excerpt":{"rendered":"<p>Sac \u00e0 dos pour Trimble X7 afin d&rsquo;am\u00e9liorer la mobilit\u00e9 sur le terrain et pour un transport facile Dimensions 432 mm x 330 mm x 254 mm Poids : 1,5 kg Mat\u00e9riau ext\u00e9rieur &#8211; nylon balistique 1680D Insert en mousse personnalis\u00e9 pour le X7, 3 batteries et le chargeur Poches ext\u00e9rieures pour tablette et accessoires [&hellip;]<\/p>\n","protected":false},"featured_media":10114,"template":"","meta":[],"product_brand":[],"product_cat":[572],"product_tag":[],"class_list":{"0":"post-10111","1":"product","2":"type-product","3":"status-publish","4":"has-post-thumbnail","6":"product_cat-trimble-3d-fr","8":"first","9":"onbackorder","10":"taxable","11":"shipping-taxable","12":"purchasable","13":"product-type-simple"},"_links":{"self":[{"href":"https:\/\/shop.allnav.ch\/fr\/wp-json\/wp\/v2\/product\/10111","targetHints":{"allow":["GET"]}}],"collection":[{"href":"https:\/\/shop.allnav.ch\/fr\/wp-json\/wp\/v2\/product"}],"about":[{"href":"https:\/\/shop.allnav.ch\/fr\/wp-json\/wp\/v2\/types\/product"}],"wp:featuredmedia":[{"embeddable":true,"href":"https:\/\/shop.allnav.ch\/fr\/wp-json\/wp\/v2\/media\/10114"}],"wp:attachment":[{"href":"https:\/\/shop.allnav.ch\/fr\/wp-json\/wp\/v2\/media?parent=10111"}],"wp:term":[{"taxonomy":"product_brand","embeddable":true,"href":"https:\/\/shop.allnav.ch\/fr\/wp-json\/wp\/v2\/product_brand?post=10111"},{"taxonomy":"product_cat","embeddable":true,"href":"https:\/\/shop.allnav.ch\/fr\/wp-json\/wp\/v2\/product_cat?post=10111"},{"taxonomy":"product_tag","embeddable":true,"href":"https:\/\/shop.allnav.ch\/fr\/wp-json\/wp\/v2\/product_tag?post=10111"}],"curies":[{"name":"wp","href":"https:\/\/api.w.org\/{rel}","templated":true}]}}