{"id":10109,"date":"2021-05-03T15:22:58","date_gmt":"2021-05-03T13:22:58","guid":{"rendered":"https:\/\/shop.allnav.ch\/shop\/unkategorisiert\/x7-trepied-en-fibre-de-carbone\/"},"modified":"2025-12-11T14:21:22","modified_gmt":"2025-12-11T13:21:22","slug":"x7-trepied-en-fibre-de-carbone","status":"publish","type":"product","link":"https:\/\/shop.allnav.ch\/fr\/produkt\/accessoires-trimble\/trimble-3d-fr\/x7-trepied-en-fibre-de-carbone\/","title":{"rendered":"X7 &amp; X9 &#8211; Tr\u00e9pied en fibre de carbone"},"content":{"rendered":"<p>Tr\u00e9pied en carbone \u00a0avec t\u00eate \u215d\u00a0\u00bb<\/p>\n<p>Tr\u00e9pied en carbone compact pour le Trimble X-Series.<\/p>\n<p>Poids 2,68 kg<br \/>\nHauteur minimale 540 mm<br \/>\nHauteur maximale de 1590 mm<br \/>\nLongueur du sac 584 mm<br \/>\nPieds en caoutchouc et \u00e0 pointes pour la stabilit\u00e9 sur n&rsquo;importe quelle surface<br \/>\nMobilit\u00e9 am\u00e9lior\u00e9e et transport facile<\/p>\n","protected":false},"excerpt":{"rendered":"<p>Tr\u00e9pied en carbone \u00a0avec t\u00eate \u215d\u00a0\u00bb Tr\u00e9pied en carbone compact pour le Trimble X-Series. Poids 2,68 kg Hauteur minimale 540 mm Hauteur maximale de 1590 mm Longueur du sac 584 mm Pieds en caoutchouc et \u00e0 pointes pour la stabilit\u00e9 sur n&rsquo;importe quelle surface Mobilit\u00e9 am\u00e9lior\u00e9e et transport facile<\/p>\n","protected":false},"featured_media":10116,"template":"","meta":[],"product_brand":[],"product_cat":[572],"product_tag":[],"class_list":{"0":"post-10109","1":"product","2":"type-product","3":"status-publish","4":"has-post-thumbnail","6":"product_cat-trimble-3d-fr","8":"first","9":"instock","10":"taxable","11":"shipping-taxable","12":"purchasable","13":"product-type-simple"},"_links":{"self":[{"href":"https:\/\/shop.allnav.ch\/fr\/wp-json\/wp\/v2\/product\/10109","targetHints":{"allow":["GET"]}}],"collection":[{"href":"https:\/\/shop.allnav.ch\/fr\/wp-json\/wp\/v2\/product"}],"about":[{"href":"https:\/\/shop.allnav.ch\/fr\/wp-json\/wp\/v2\/types\/product"}],"wp:featuredmedia":[{"embeddable":true,"href":"https:\/\/shop.allnav.ch\/fr\/wp-json\/wp\/v2\/media\/10116"}],"wp:attachment":[{"href":"https:\/\/shop.allnav.ch\/fr\/wp-json\/wp\/v2\/media?parent=10109"}],"wp:term":[{"taxonomy":"product_brand","embeddable":true,"href":"https:\/\/shop.allnav.ch\/fr\/wp-json\/wp\/v2\/product_brand?post=10109"},{"taxonomy":"product_cat","embeddable":true,"href":"https:\/\/shop.allnav.ch\/fr\/wp-json\/wp\/v2\/product_cat?post=10109"},{"taxonomy":"product_tag","embeddable":true,"href":"https:\/\/shop.allnav.ch\/fr\/wp-json\/wp\/v2\/product_tag?post=10109"}],"curies":[{"name":"wp","href":"https:\/\/api.w.org\/{rel}","templated":true}]}}