{"id":10107,"date":"2021-05-03T15:22:53","date_gmt":"2021-05-03T13:22:53","guid":{"rendered":"https:\/\/shop.allnav.ch\/shop\/unkategorisiert\/x7-adaptateur-quick-release-pour-trepied-en-fibre-de-carbone\/"},"modified":"2023-06-09T15:59:24","modified_gmt":"2023-06-09T13:59:24","slug":"x7-adaptateur-quick-release-pour-trepied-en-fibre-de-carbone","status":"publish","type":"product","link":"https:\/\/shop.allnav.ch\/fr\/produkt\/accessoires-trimble\/trimble-3d-fr\/x7-adaptateur-quick-release-pour-trepied-en-fibre-de-carbone\/","title":{"rendered":"X7 &amp; X9 &#8211; Adaptateur quick release pour tr\u00e9pied en fibre de carbone"},"content":{"rendered":"<p>L&rsquo;adaptateur \u00e0 lib\u00e9ration rapide se connecte directement \u00e0 la base du Trimble X7 et comprend une t\u00eate personnalis\u00e9e pour le tr\u00e9pied Gitzo S\u00e9rie 3 (P\/N 90573-TR) pour une fixation et une lib\u00e9ration rapide.<\/p>\n","protected":false},"excerpt":{"rendered":"<p>L&rsquo;adaptateur \u00e0 lib\u00e9ration rapide se connecte directement \u00e0 la base du Trimble X7 et comprend une t\u00eate personnalis\u00e9e pour le tr\u00e9pied Gitzo S\u00e9rie 3 (P\/N 90573-TR) pour une fixation et une lib\u00e9ration rapide.<\/p>\n","protected":false},"featured_media":10118,"template":"","meta":[],"product_brand":[],"product_cat":[572],"product_tag":[],"class_list":{"0":"post-10107","1":"product","2":"type-product","3":"status-publish","4":"has-post-thumbnail","6":"product_cat-trimble-3d-fr","8":"first","9":"instock","10":"taxable","11":"shipping-taxable","12":"purchasable","13":"product-type-simple"},"_links":{"self":[{"href":"https:\/\/shop.allnav.ch\/fr\/wp-json\/wp\/v2\/product\/10107","targetHints":{"allow":["GET"]}}],"collection":[{"href":"https:\/\/shop.allnav.ch\/fr\/wp-json\/wp\/v2\/product"}],"about":[{"href":"https:\/\/shop.allnav.ch\/fr\/wp-json\/wp\/v2\/types\/product"}],"wp:featuredmedia":[{"embeddable":true,"href":"https:\/\/shop.allnav.ch\/fr\/wp-json\/wp\/v2\/media\/10118"}],"wp:attachment":[{"href":"https:\/\/shop.allnav.ch\/fr\/wp-json\/wp\/v2\/media?parent=10107"}],"wp:term":[{"taxonomy":"product_brand","embeddable":true,"href":"https:\/\/shop.allnav.ch\/fr\/wp-json\/wp\/v2\/product_brand?post=10107"},{"taxonomy":"product_cat","embeddable":true,"href":"https:\/\/shop.allnav.ch\/fr\/wp-json\/wp\/v2\/product_cat?post=10107"},{"taxonomy":"product_tag","embeddable":true,"href":"https:\/\/shop.allnav.ch\/fr\/wp-json\/wp\/v2\/product_tag?post=10107"}],"curies":[{"name":"wp","href":"https:\/\/api.w.org\/{rel}","templated":true}]}}