{"id":10090,"date":"2021-04-28T17:04:49","date_gmt":"2021-04-28T15:04:49","guid":{"rendered":"https:\/\/shop.allnav.ch\/shop\/unkategorisiert\/support-de-controle-et-dajustement-pour-canne\/"},"modified":"2022-07-19T13:08:43","modified_gmt":"2022-07-19T11:08:43","slug":"support-de-controle-et-dajustement-pour-canne","status":"publish","type":"product","link":"https:\/\/shop.allnav.ch\/fr\/produkt\/accessoires-pour-station-totale-et-gnss\/cannes-de-gnss\/support-de-controle-et-dajustement-pour-canne\/","title":{"rendered":"Support de contr\u00f4le et d&rsquo;ajustement pour canne"},"content":{"rendered":"<p>Pratique pour ajuster et calibrer les nivelles circulaires des cannes au bureau.<\/p>\n<p>Le gabarit de r\u00e9glage comprend un support en L sur lequel repose la pointe de la canne et une pi\u00e8ce sup\u00e9rieure r\u00e9glable.<\/p>\n<p>Utilisez la partie sup\u00e9rieure r\u00e9glable pour centrer la canne avant d&rsquo;ajuster la bulle.<\/p>\n<p>Poids : 0,45 kg<\/p>\n","protected":false},"excerpt":{"rendered":"<p>Pratique pour ajuster et calibrer les nivelles circulaires des cannes au bureau. Le gabarit de r\u00e9glage comprend un support en L sur lequel repose la pointe de la canne et une pi\u00e8ce sup\u00e9rieure r\u00e9glable. Utilisez la partie sup\u00e9rieure r\u00e9glable pour centrer la canne avant d&rsquo;ajuster la bulle. Poids : 0,45 kg<\/p>\n","protected":false},"featured_media":10092,"template":"","meta":[],"product_brand":[],"product_cat":[570,230],"product_tag":[],"class_list":{"0":"post-10090","1":"product","2":"type-product","3":"status-publish","4":"has-post-thumbnail","6":"product_cat-cannes-de-gnss","7":"product_cat-cannes-de-prismes","9":"first","10":"instock","11":"taxable","12":"shipping-taxable","13":"purchasable","14":"product-type-simple"},"_links":{"self":[{"href":"https:\/\/shop.allnav.ch\/fr\/wp-json\/wp\/v2\/product\/10090","targetHints":{"allow":["GET"]}}],"collection":[{"href":"https:\/\/shop.allnav.ch\/fr\/wp-json\/wp\/v2\/product"}],"about":[{"href":"https:\/\/shop.allnav.ch\/fr\/wp-json\/wp\/v2\/types\/product"}],"wp:featuredmedia":[{"embeddable":true,"href":"https:\/\/shop.allnav.ch\/fr\/wp-json\/wp\/v2\/media\/10092"}],"wp:attachment":[{"href":"https:\/\/shop.allnav.ch\/fr\/wp-json\/wp\/v2\/media?parent=10090"}],"wp:term":[{"taxonomy":"product_brand","embeddable":true,"href":"https:\/\/shop.allnav.ch\/fr\/wp-json\/wp\/v2\/product_brand?post=10090"},{"taxonomy":"product_cat","embeddable":true,"href":"https:\/\/shop.allnav.ch\/fr\/wp-json\/wp\/v2\/product_cat?post=10090"},{"taxonomy":"product_tag","embeddable":true,"href":"https:\/\/shop.allnav.ch\/fr\/wp-json\/wp\/v2\/product_tag?post=10090"}],"curies":[{"name":"wp","href":"https:\/\/api.w.org\/{rel}","templated":true}]}}