{"id":10003,"date":"2021-04-16T13:32:41","date_gmt":"2021-04-16T11:32:41","guid":{"rendered":"https:\/\/shop.allnav.ch\/shop\/unkategorisiert\/tsc5-sacoche\/"},"modified":"2023-12-13T18:23:25","modified_gmt":"2023-12-13T17:23:25","slug":"tsc5-sacoche","status":"publish","type":"product","link":"https:\/\/shop.allnav.ch\/fr\/produkt\/accessoires-trimble\/unites-de-controle\/tsc510-fr\/tsc5-sacoche\/","title":{"rendered":"TSC5 &#8211; Sacoche"},"content":{"rendered":"<p>Comprend un porte-cartes de visite en PVC transparent, une poche filet zipp\u00e9e \u00e0 l&rsquo;avant, une poche arri\u00e8re en nylon avec fermeture velcro pour ranger un carnet de terrain, une poche filet int\u00e9rieure et une boucle velcro, 2 sangles de poign\u00e9e pour le transport et 2 anneaux en D pour fixer une bandouli\u00e8re en option.<\/p>\n","protected":false},"excerpt":{"rendered":"<p>Comprend un porte-cartes de visite en PVC transparent, une poche filet zipp\u00e9e \u00e0 l&rsquo;avant, une poche arri\u00e8re en nylon avec fermeture velcro pour ranger un carnet de terrain, une poche filet int\u00e9rieure et une boucle velcro, 2 sangles de poign\u00e9e pour le transport et 2 anneaux en D pour fixer une bandouli\u00e8re en option.<\/p>\n","protected":false},"featured_media":10019,"template":"","meta":[],"product_brand":[],"product_cat":[568],"product_tag":[],"class_list":{"0":"post-10003","1":"product","2":"type-product","3":"status-publish","4":"has-post-thumbnail","6":"product_cat-tsc510-fr","8":"first","9":"instock","10":"taxable","11":"shipping-taxable","12":"purchasable","13":"product-type-simple"},"_links":{"self":[{"href":"https:\/\/shop.allnav.ch\/fr\/wp-json\/wp\/v2\/product\/10003","targetHints":{"allow":["GET"]}}],"collection":[{"href":"https:\/\/shop.allnav.ch\/fr\/wp-json\/wp\/v2\/product"}],"about":[{"href":"https:\/\/shop.allnav.ch\/fr\/wp-json\/wp\/v2\/types\/product"}],"wp:featuredmedia":[{"embeddable":true,"href":"https:\/\/shop.allnav.ch\/fr\/wp-json\/wp\/v2\/media\/10019"}],"wp:attachment":[{"href":"https:\/\/shop.allnav.ch\/fr\/wp-json\/wp\/v2\/media?parent=10003"}],"wp:term":[{"taxonomy":"product_brand","embeddable":true,"href":"https:\/\/shop.allnav.ch\/fr\/wp-json\/wp\/v2\/product_brand?post=10003"},{"taxonomy":"product_cat","embeddable":true,"href":"https:\/\/shop.allnav.ch\/fr\/wp-json\/wp\/v2\/product_cat?post=10003"},{"taxonomy":"product_tag","embeddable":true,"href":"https:\/\/shop.allnav.ch\/fr\/wp-json\/wp\/v2\/product_tag?post=10003"}],"curies":[{"name":"wp","href":"https:\/\/api.w.org\/{rel}","templated":true}]}}