{"id":10001,"date":"2021-04-16T13:32:37","date_gmt":"2021-04-16T11:32:37","guid":{"rendered":"https:\/\/shop.allnav.ch\/shop\/unkategorisiert\/tsc5-support-de-canne-sans-pince-de-serrage-pour-la-canne\/"},"modified":"2025-12-11T14:19:28","modified_gmt":"2025-12-11T13:19:28","slug":"tsc5-support-de-canne-sans-pince-de-serrage-pour-la-canne","status":"publish","type":"product","link":"https:\/\/shop.allnav.ch\/fr\/produkt\/accessoires-trimble\/unites-de-controle\/tsc510-fr\/tsc5-support-de-canne-sans-pince-de-serrage-pour-la-canne\/","title":{"rendered":"TSC510 &amp; TSC5 &#8211; Support de canne (sans pince de serrage pour la canne)"},"content":{"rendered":"<p>Le contr\u00f4leur TSC5 s&rsquo;enclenche simplement dans le verrou. Pour le retirer, il suffit de presser et de tirer sur le loquet. Cette pi\u00e8ce est utilis\u00e9e en combinaison avec<br \/>\nla r\u00e9f\u00e9rence 121951-01-GEO, qui comprend un bras r\u00e9glable et un collier de serrage rapide.<\/p>\n","protected":false},"excerpt":{"rendered":"<p>Le contr\u00f4leur TSC5 s&rsquo;enclenche simplement dans le verrou. Pour le retirer, il suffit de presser et de tirer sur le loquet. Cette pi\u00e8ce est utilis\u00e9e en combinaison avec la r\u00e9f\u00e9rence 121951-01-GEO, qui comprend un bras r\u00e9glable et un collier de serrage rapide.<\/p>\n","protected":false},"featured_media":10017,"template":"","meta":[],"product_brand":[],"product_cat":[568],"product_tag":[],"class_list":{"0":"post-10001","1":"product","2":"type-product","3":"status-publish","4":"has-post-thumbnail","6":"product_cat-tsc510-fr","8":"first","9":"instock","10":"taxable","11":"shipping-taxable","12":"purchasable","13":"product-type-simple"},"_links":{"self":[{"href":"https:\/\/shop.allnav.ch\/fr\/wp-json\/wp\/v2\/product\/10001","targetHints":{"allow":["GET"]}}],"collection":[{"href":"https:\/\/shop.allnav.ch\/fr\/wp-json\/wp\/v2\/product"}],"about":[{"href":"https:\/\/shop.allnav.ch\/fr\/wp-json\/wp\/v2\/types\/product"}],"wp:featuredmedia":[{"embeddable":true,"href":"https:\/\/shop.allnav.ch\/fr\/wp-json\/wp\/v2\/media\/10017"}],"wp:attachment":[{"href":"https:\/\/shop.allnav.ch\/fr\/wp-json\/wp\/v2\/media?parent=10001"}],"wp:term":[{"taxonomy":"product_brand","embeddable":true,"href":"https:\/\/shop.allnav.ch\/fr\/wp-json\/wp\/v2\/product_brand?post=10001"},{"taxonomy":"product_cat","embeddable":true,"href":"https:\/\/shop.allnav.ch\/fr\/wp-json\/wp\/v2\/product_cat?post=10001"},{"taxonomy":"product_tag","embeddable":true,"href":"https:\/\/shop.allnav.ch\/fr\/wp-json\/wp\/v2\/product_tag?post=10001"}],"curies":[{"name":"wp","href":"https:\/\/api.w.org\/{rel}","templated":true}]}}