{"id":5645,"date":"2015-03-02T13:12:12","date_gmt":"2015-03-02T13:12:12","guid":{"rendered":"https:\/\/shop.allnav.ch\/home\/"},"modified":"2019-03-22T15:00:07","modified_gmt":"2019-03-22T14:00:07","slug":"home","status":"publish","type":"page","link":"https:\/\/shop.allnav.ch\/fr\/","title":{"rendered":"Home"},"content":{"rendered":"<div id='full_slider_1'  class='avia-fullwidth-slider main_color avia-shadow   avia-builder-el-0  el_before_av_one_full  avia-builder-el-first   container_wrap sidebar_right'  >\n<style type=\"text\/css\" data-created_by=\"avia_inline_auto\" id=\"style-css-av-av_slideshow_full-32de997090c749a8c82b86d1ff824dd4\">\n#top #wrap_all .avia-slideshow .av-slideshow-caption.av-av_slideshow_full-32de997090c749a8c82b86d1ff824dd4__0 .avia-caption-title{\ncolor:#fbbd11;\n}\n#top .avia-slideshow .av-slideshow-caption.av-av_slideshow_full-32de997090c749a8c82b86d1ff824dd4__0 .avia-caption-content{\ncolor:#ffffff;\n}\n<\/style>\n<div  class='avia-slideshow av-av_slideshow_full-32de997090c749a8c82b86d1ff824dd4 avia-slideshow-featured av_slideshow_full avia-slide-slider av-slideshow-ui av-control-default av-slideshow-manual av-loop-once av-loop-manual-endless av-default-height-applied   avia-slideshow-1' data-slideshow-options=\"{&quot;animation&quot;:&quot;slide&quot;,&quot;autoplay&quot;:false,&quot;loop_autoplay&quot;:&quot;once&quot;,&quot;interval&quot;:5,&quot;loop_manual&quot;:&quot;manual-endless&quot;,&quot;autoplay_stopper&quot;:false,&quot;noNavigation&quot;:false,&quot;bg_slider&quot;:false,&quot;keep_padding&quot;:false,&quot;hoverpause&quot;:false,&quot;show_slide_delay&quot;:0}\"  itemprop=\"image\" itemscope=\"itemscope\" itemtype=\"https:\/\/schema.org\/ImageObject\" ><ul class='avia-slideshow-inner ' style='padding-bottom: 25.503355704698%;'><li  class='avia-slideshow-slide av-av_slideshow_full-32de997090c749a8c82b86d1ff824dd4__0  av-single-slide slide-1 slide-odd'><div data-rel='slideshow-1' class='avia-slide-wrap '   ><div class='av-slideshow-caption av-av_slideshow_full-32de997090c749a8c82b86d1ff824dd4__0 caption_fullwidth caption_left caption_left_framed caption_framed'><div class=\"container caption_container\"><div class=\"slideshow_caption\"><div class=\"slideshow_inner_caption\"><div class=\"slideshow_align_caption\"><h2 class='avia-caption-title '  itemprop=\"name\" >allnav Online Shop<\/h2><div class='avia-caption-content av_inherit_color'  itemprop=\"description\" ><p>Accessoires pour la mensuration<\/p>\n<\/div><\/div><\/div><\/div><\/div><\/div><img decoding=\"async\" fetchpriority=\"high\" class=\"wp-image-5575 avia-img-lazy-loading-not-5575\"  src=\"https:\/\/shop.allnav.ch\/wp-content\/uploads\/2018\/01\/slider_metricplus.jpg\" width=\"1043\" height=\"266\" title='slider_metricplus' alt=''  itemprop=\"thumbnailUrl\" srcset=\"https:\/\/shop.allnav.ch\/wp-content\/uploads\/2018\/01\/slider_metricplus.jpg 1043w, https:\/\/shop.allnav.ch\/wp-content\/uploads\/2018\/01\/slider_metricplus-250x64.jpg 250w, https:\/\/shop.allnav.ch\/wp-content\/uploads\/2018\/01\/slider_metricplus-450x115.jpg 450w\" sizes=\"(max-width: 1043px) 100vw, 1043px\" \/><\/div><\/li><\/ul><\/div><\/div><div id='after_full_slider_1'  class='main_color av_default_container_wrap container_wrap sidebar_right'  ><div class='container av-section-cont-open' ><div class='template-page content  av-content-small alpha units'><div class='post-entry post-entry-type-page post-entry-5645'><div class='entry-content-wrapper clearfix'>\n\n<style type=\"text\/css\" data-created_by=\"avia_inline_auto\" id=\"style-css-av-av_one_full-826c1c0ca2001783299b013bb6b50dff\">\n.flex_column.av-av_one_full-826c1c0ca2001783299b013bb6b50dff{\nborder-radius:0px 0px 0px 0px;\npadding:0px 0px 0px 0px;\n}\n<\/style>\n<div  class='flex_column av-av_one_full-826c1c0ca2001783299b013bb6b50dff av_one_full  avia-builder-el-1  el_after_av_slideshow_full  el_before_av_heading  avia-builder-el-first  first flex_column_div av-zero-column-padding  '     ><p>\n<style type=\"text\/css\" data-created_by=\"avia_inline_auto\" id=\"style-css-av-av_heading-f6bcd6e3a3fccb01b276acff7cef9925\">\n#top .av-special-heading.av-av_heading-f6bcd6e3a3fccb01b276acff7cef9925{\npadding-bottom:10px;\n}\nbody .av-special-heading.av-av_heading-f6bcd6e3a3fccb01b276acff7cef9925 .av-special-heading-tag .heading-char{\nfont-size:25px;\n}\n.av-special-heading.av-av_heading-f6bcd6e3a3fccb01b276acff7cef9925 .av-subheading{\nfont-size:15px;\n}\n<\/style>\n<div  class='av-special-heading av-av_heading-f6bcd6e3a3fccb01b276acff7cef9925 av-special-heading-h3  avia-builder-el-2  el_before_av_productslider  avia-builder-el-first '><h3 class='av-special-heading-tag '  itemprop=\"headline\"  >Notre assortiment ainsi que les nouveaut\u00e9s<\/h3><div class=\"special-heading-border\"><div class=\"special-heading-inner-border\"><\/div><\/div><\/div><br \/>\n<div  class='avia-product-slider-container av-av_productslider-0e8dfb73f198136be366a06c93fbf932 template-shop avia-content-slider avia-content-slider-active shop_columns_5  avia-builder-el-3  el_after_av_heading  avia-builder-el-last  avia-content-slider-odd  avia-builder-el-3  el_after_av_heading  avia-builder-el-last  av-slideshow-ui av-slider-hover-pause av-slideshow-autoplay av-loop-endless av-loop-manual-endless avia-product-slider1' data-slideshow-options=\"{&quot;animation&quot;:&quot;fade&quot;,&quot;autoplay&quot;:true,&quot;loop_autoplay&quot;:&quot;endless&quot;,&quot;interval&quot;:5,&quot;loop_manual&quot;:&quot;manual-endless&quot;,&quot;autoplay_stopper&quot;:false,&quot;noNavigation&quot;:false,&quot;bg_slider&quot;:false,&quot;keep_padding&quot;:false,&quot;hoverpause&quot;:true,&quot;show_slide_delay&quot;:0}\"><div class='avia-content-slider-inner'><ul class=\"products slide-entry-wrap\"><li class=\"product type-product post-11732 status-publish first onbackorder product_cat-actuel product_cat-dji-fr product_cat-dji-matrice-4-fr has-post-thumbnail taxable shipping-taxable purchasable product-type-simple\">\n\t<div class='inner_product main_color wrapped_style noLightbox  av-product-class-minimal'><a href=\"https:\/\/shop.allnav.ch\/fr\/produkt\/drones-uas\/dji-fr\/dji-matrice-4-fr\/dji-matrice-4-enterprise-eu-c2\/\" class=\"woocommerce-LoopProduct-link woocommerce-loop-product__link\"><div class=\"thumbnail_container\"><img decoding=\"async\" loading=\"lazy\" width=\"450\" height=\"450\" src=\"https:\/\/shop.allnav.ch\/wp-content\/uploads\/2025\/01\/M4E_2-scaled-e1736351889181-450x450.jpg\" class=\"wp-image-11715 avia-img-lazy-loading-11715 attachment-shop_catalog size-shop_catalog wp-post-image\" alt=\"\" srcset=\"https:\/\/shop.allnav.ch\/wp-content\/uploads\/2025\/01\/M4E_2-scaled-e1736351889181-450x450.jpg 450w, https:\/\/shop.allnav.ch\/wp-content\/uploads\/2025\/01\/M4E_2-scaled-e1736351889181-80x80.jpg 80w, https:\/\/shop.allnav.ch\/wp-content\/uploads\/2025\/01\/M4E_2-scaled-e1736351889181-36x36.jpg 36w, https:\/\/shop.allnav.ch\/wp-content\/uploads\/2025\/01\/M4E_2-scaled-e1736351889181-180x180.jpg 180w, https:\/\/shop.allnav.ch\/wp-content\/uploads\/2025\/01\/M4E_2-scaled-e1736351889181-120x120.jpg 120w, https:\/\/shop.allnav.ch\/wp-content\/uploads\/2025\/01\/M4E_2-scaled-e1736351889181-100x100.jpg 100w\" sizes=\"auto, (max-width: 450px) 100vw, 450px\" \/><span class=\"cart-loading\"><\/span><\/div><div class='inner_product_header'><div class='avia-arrow'><\/div><div class='inner_product_header_table'><div class='inner_product_header_cell'><h2 class=\"woocommerce-loop-product__title\">DJI Matrice 4 Enterprise (EU\/C2)<\/h2>\n\t<span class=\"price\"><span class=\"woocommerce-Price-amount amount\"><bdi><span class=\"woocommerce-Price-currencySymbol\">&#67;&#72;&#70;<\/span>&nbsp;3'875.00<\/bdi><\/span><\/span>\n<\/div><\/div><\/div><\/a><\/div><\/li>\n<li class=\"product type-product post-10858 status-publish onbackorder product_cat-actuel product_cat-dji-fr product_cat-dji-mavic-3-fr has-post-thumbnail taxable shipping-taxable purchasable product-type-simple\">\n\t<div class='inner_product main_color wrapped_style noLightbox  av-product-class-minimal'><a href=\"https:\/\/shop.allnav.ch\/fr\/produkt\/drones-uas\/dji-fr\/dji-mavic-3-fr\/dji-mavic-3-enterprise\/\" class=\"woocommerce-LoopProduct-link woocommerce-loop-product__link\"><div class=\"thumbnail_container\"><img decoding=\"async\" loading=\"lazy\" width=\"450\" height=\"450\" src=\"https:\/\/shop.allnav.ch\/wp-content\/uploads\/2022\/10\/40ba97578f4ef86a6ba30720cce14e4b@ultra-450x450.jpg\" class=\"wp-image-10891 avia-img-lazy-loading-10891 attachment-shop_catalog size-shop_catalog wp-post-image\" alt=\"\" srcset=\"https:\/\/shop.allnav.ch\/wp-content\/uploads\/2022\/10\/40ba97578f4ef86a6ba30720cce14e4b@ultra-450x450.jpg 450w, https:\/\/shop.allnav.ch\/wp-content\/uploads\/2022\/10\/40ba97578f4ef86a6ba30720cce14e4b@ultra-300x300.jpg 300w, https:\/\/shop.allnav.ch\/wp-content\/uploads\/2022\/10\/40ba97578f4ef86a6ba30720cce14e4b@ultra-1030x1030.jpg 1030w, https:\/\/shop.allnav.ch\/wp-content\/uploads\/2022\/10\/40ba97578f4ef86a6ba30720cce14e4b@ultra-80x80.jpg 80w, https:\/\/shop.allnav.ch\/wp-content\/uploads\/2022\/10\/40ba97578f4ef86a6ba30720cce14e4b@ultra-768x768.jpg 768w, https:\/\/shop.allnav.ch\/wp-content\/uploads\/2022\/10\/40ba97578f4ef86a6ba30720cce14e4b@ultra-36x36.jpg 36w, https:\/\/shop.allnav.ch\/wp-content\/uploads\/2022\/10\/40ba97578f4ef86a6ba30720cce14e4b@ultra-180x180.jpg 180w, https:\/\/shop.allnav.ch\/wp-content\/uploads\/2022\/10\/40ba97578f4ef86a6ba30720cce14e4b@ultra-705x705.jpg 705w, https:\/\/shop.allnav.ch\/wp-content\/uploads\/2022\/10\/40ba97578f4ef86a6ba30720cce14e4b@ultra-120x120.jpg 120w, https:\/\/shop.allnav.ch\/wp-content\/uploads\/2022\/10\/40ba97578f4ef86a6ba30720cce14e4b@ultra-250x250.jpg 250w, https:\/\/shop.allnav.ch\/wp-content\/uploads\/2022\/10\/40ba97578f4ef86a6ba30720cce14e4b@ultra-100x100.jpg 100w, https:\/\/shop.allnav.ch\/wp-content\/uploads\/2022\/10\/40ba97578f4ef86a6ba30720cce14e4b@ultra.jpg 1280w\" sizes=\"auto, (max-width: 450px) 100vw, 450px\" \/><span class=\"cart-loading\"><\/span><\/div><div class='inner_product_header'><div class='avia-arrow'><\/div><div class='inner_product_header_table'><div class='inner_product_header_cell'><h2 class=\"woocommerce-loop-product__title\">DJI Mavic 3 Enterprise (EU\/C2)<\/h2>\n\t<span class=\"price\"><span class=\"woocommerce-Price-amount amount\"><bdi><span class=\"woocommerce-Price-currencySymbol\">&#67;&#72;&#70;<\/span>&nbsp;3'365.00<\/bdi><\/span><\/span>\n<\/div><\/div><\/div><\/a><\/div><\/li>\n<li class=\"product type-product post-5356 status-publish instock product_cat-actuel product_cat-trimble-5800-r4-r6-r8-2 product_cat-trimble-r10-r12-r980_f product_cat-trimble-r2-r580-fr has-post-thumbnail taxable shipping-taxable purchasable product-type-simple\">\n\t<div class='inner_product main_color wrapped_style noLightbox  av-product-class-minimal'><a href=\"https:\/\/shop.allnav.ch\/fr\/produkt\/accessoires-trimble\/trimble-gnss-fr\/trimble-5800-r4-r6-r8-2\/canne-carbone-gps-quick-release-telescopique-2-50m\/\" class=\"woocommerce-LoopProduct-link woocommerce-loop-product__link\"><div class=\"thumbnail_container\"><img decoding=\"async\" loading=\"lazy\" width=\"218\" height=\"300\" src=\"https:\/\/shop.allnav.ch\/wp-content\/uploads\/images\/products\/p-5356-p-5353-bildschirmfoto_2016-04-21_um_12.14.13_1-218x300.png\" class=\"wp-image-5357 avia-img-lazy-loading-5357 attachment-shop_catalog size-shop_catalog wp-post-image\" alt=\"\" \/><span class=\"cart-loading\"><\/span><\/div><div class='inner_product_header'><div class='avia-arrow'><\/div><div class='inner_product_header_table'><div class='inner_product_header_cell'><h2 class=\"woocommerce-loop-product__title\">Canne carbone GNSS, quick release, 2.48m<\/h2>\n\t<span class=\"price\"><span class=\"woocommerce-Price-amount amount\"><bdi><span class=\"woocommerce-Price-currencySymbol\">&#67;&#72;&#70;<\/span>&nbsp;590.00<\/bdi><\/span><\/span>\n<\/div><\/div><\/div><\/a><\/div><\/li>\n<li class=\"product type-product post-8886 status-publish onbackorder product_cat-accessoires-instrument product_cat-actuel has-post-thumbnail taxable shipping-taxable purchasable product-type-simple\">\n\t<div class='inner_product main_color wrapped_style noLightbox  av-product-class-minimal'><a href=\"https:\/\/shop.allnav.ch\/fr\/produkt\/accessoires-trimble\/stations-totales-trimble\/trimble-s-series-f\/accessoires-instrument\/sac-a-dos-pour-trimble-s-serie\/\" class=\"woocommerce-LoopProduct-link woocommerce-loop-product__link\"><div class=\"thumbnail_container\"><img decoding=\"async\" loading=\"lazy\" width=\"250\" height=\"167\" src=\"https:\/\/shop.allnav.ch\/wp-content\/uploads\/2020\/04\/SSERIES-BP-01-S-Series-Backpack-250x167.png\" class=\"wp-image-8890 avia-img-lazy-loading-8890 attachment-shop_catalog size-shop_catalog wp-post-image\" alt=\"\" srcset=\"https:\/\/shop.allnav.ch\/wp-content\/uploads\/2020\/04\/SSERIES-BP-01-S-Series-Backpack-250x167.png 250w, https:\/\/shop.allnav.ch\/wp-content\/uploads\/2020\/04\/SSERIES-BP-01-S-Series-Backpack-450x300.png 450w, https:\/\/shop.allnav.ch\/wp-content\/uploads\/2020\/04\/SSERIES-BP-01-S-Series-Backpack-300x200.png 300w, https:\/\/shop.allnav.ch\/wp-content\/uploads\/2020\/04\/SSERIES-BP-01-S-Series-Backpack.png 480w\" sizes=\"auto, (max-width: 250px) 100vw, 250px\" \/><span class=\"cart-loading\"><\/span><\/div><div class='inner_product_header'><div class='avia-arrow'><\/div><div class='inner_product_header_table'><div class='inner_product_header_cell'><h2 class=\"woocommerce-loop-product__title\">Sac \u00e0 dos pour Trimble S-Serie<\/h2>\n\t<span class=\"price\"><span class=\"woocommerce-Price-amount amount\"><bdi><span class=\"woocommerce-Price-currencySymbol\">&#67;&#72;&#70;<\/span>&nbsp;630.00<\/bdi><\/span><\/span>\n<\/div><\/div><\/div><\/a><\/div><\/li>\n<li class=\"product type-product post-4954 status-publish last instock product_cat-accessoires-pour-station-totale-et-gnss product_cat-accessoires-robotic product_cat-actuel product_cat-bipieds product_cat-cannes-de-prismes has-post-thumbnail taxable shipping-taxable purchasable product-type-simple\">\n\t<div class='inner_product main_color wrapped_style noLightbox  av-product-class-minimal'><a href=\"https:\/\/shop.allnav.ch\/fr\/produkt\/accessoires-trimble\/stations-totales-trimble\/trimble-s-series-f\/accessoires-robotic\/gardner-rod-rest-2\/\" class=\"woocommerce-LoopProduct-link woocommerce-loop-product__link\"><div class=\"thumbnail_container\"><img decoding=\"async\" loading=\"lazy\" width=\"229\" height=\"300\" src=\"https:\/\/shop.allnav.ch\/wp-content\/uploads\/images\/products\/p-4954-p-4949-gardner-229x300.jpg\" class=\"wp-image-4955 avia-img-lazy-loading-4955 attachment-shop_catalog size-shop_catalog wp-post-image\" alt=\"\" \/><span class=\"cart-loading\"><\/span><\/div><div class='inner_product_header'><div class='avia-arrow'><\/div><div class='inner_product_header_table'><div class='inner_product_header_cell'><h2 class=\"woocommerce-loop-product__title\">Gardner Rod Rest<\/h2>\n\t<span class=\"price\"><span class=\"woocommerce-Price-amount amount\"><bdi><span class=\"woocommerce-Price-currencySymbol\">&#67;&#72;&#70;<\/span>&nbsp;350.00<\/bdi><\/span><\/span>\n<\/div><\/div><\/div><\/a><\/div><\/li>\n<\/ul><\/div><\/div><div class=\"clear\"><\/div><\/p><\/div>\n\n<style type=\"text\/css\" data-created_by=\"avia_inline_auto\" id=\"style-css-av-av_heading-e7ab7203d6777b4f1139af8fdcffa9db\">\n#top .av-special-heading.av-av_heading-e7ab7203d6777b4f1139af8fdcffa9db{\npadding-bottom:10px;\n}\nbody .av-special-heading.av-av_heading-e7ab7203d6777b4f1139af8fdcffa9db .av-special-heading-tag .heading-char{\nfont-size:25px;\n}\n.av-special-heading.av-av_heading-e7ab7203d6777b4f1139af8fdcffa9db .av-subheading{\nfont-size:15px;\n}\n<\/style>\n<div  class='av-special-heading av-av_heading-e7ab7203d6777b4f1139af8fdcffa9db av-special-heading-h3'><h3 class='av-special-heading-tag '  itemprop=\"headline\"  >Bienvenu sur le Online Shop ALLNAV! <\/h3><div class=\"special-heading-border\"><div class=\"special-heading-inner-border\"><\/div><\/div><\/div>\n\n<style type=\"text\/css\" data-created_by=\"avia_inline_auto\" id=\"style-css-av-av_two_third-15d750bd1b332b34c6e70b077ebbccdf\">\n.flex_column.av-av_two_third-15d750bd1b332b34c6e70b077ebbccdf{\nborder-radius:0px 0px 0px 0px;\npadding:0px 0px 0px 0px;\n}\n<\/style>\n<div  class='flex_column av-av_two_third-15d750bd1b332b34c6e70b077ebbccdf av_two_third first flex_column_div av-zero-column-padding  '     ><section  class='av_textblock_section av-av_textblock-2de302bf1aa3cf4c9157dbe6f50ac7eb '   itemscope=\"itemscope\" itemtype=\"https:\/\/schema.org\/CreativeWork\" ><div class='avia_textblock'  itemprop=\"text\" ><p>Ici, vous pouvez commander confortablement 24 heures sur 24. Il suffit de s\u00e9lectionner le groupe de produits d\u00e9sir\u00e9 dans le menu et tous les articles appartenant \u00e0 ce groupe seront affich\u00e9s. Si vous avez besoin d&rsquo;aide, vous pouvez toujours cliquer sur Aide.<br \/>\nAfin de continuer \u00e0 \u00eatre \u00e0 la hauteur de notre r\u00e9putation de fournisseur comp\u00e9tent et fiable d&rsquo;accessoires de mensuration, nous avons \u00e9largi et mis \u00e0 jour notre gamme de produits.<br \/>\nVeuillez noter que toutes les offres s&rsquo;adressent uniquement \u00e0 l&rsquo;industrie, au commerce et \u00e0 des institutions comparables. Pas de vente priv\u00e9e. Toutes les offres sont soumises \u00e0 la taxe sur la valeur ajout\u00e9e l\u00e9gale.<\/p>\n<p><strong>Amusez-vous bien sur notre Online Shop<\/strong><br \/>\n<strong>Votre \u00e9quipe ALLNAV<\/strong><\/p>\n<\/div><\/section><\/div>\n\n<style type=\"text\/css\" data-created_by=\"avia_inline_auto\" id=\"style-css-av-av_one_third-c8fc129dc35fd1ae2a1e410224d39ea8\">\n.flex_column.av-av_one_third-c8fc129dc35fd1ae2a1e410224d39ea8{\nborder-radius:0px 0px 0px 0px;\npadding:0px 0px 0px 0px;\n}\n<\/style>\n<div  class='flex_column av-av_one_third-c8fc129dc35fd1ae2a1e410224d39ea8 av_one_third flex_column_div av-zero-column-padding  '     ><section  class='av_textblock_section av-av_textblock-2de302bf1aa3cf4c9157dbe6f50ac7eb '   itemscope=\"itemscope\" itemtype=\"https:\/\/schema.org\/CreativeWork\" ><div class='avia_textblock'  itemprop=\"text\" ><h3><strong><sup>Notre \u00e9chelonnement des rabais*<\/sup><\/strong><\/h3>\n<p>Montant de commande:<br \/>\n&gt; CHF 500.00: 5% de rabais<br \/>\n&gt; CHF 2000.00: 10% de rabais<br \/>\n&gt; CHF 5000.00: 15% de rabais<\/p>\n<p><small><sup>*\u00a0<\/sup>Tous les produits de la cat\u00e9gorie \u00ab\u00a0drones \/ UAS\u00a0\u00bb sont exclus du rabais<br \/>\n<\/small><\/p>\n<\/div><\/section><\/div><\/div><\/div><\/div><!-- close content main div --><\/div><\/div><div id='full_slider_2'  class='avia-fullwidth-slider main_color avia-shadow    container_wrap sidebar_right'  >\n<style type=\"text\/css\" data-created_by=\"avia_inline_auto\" id=\"style-css-av-av_slideshow_full-32de997090c749a8c82b86d1ff824dd4\">\n#top #wrap_all .avia-slideshow .av-slideshow-caption.av-av_slideshow_full-32de997090c749a8c82b86d1ff824dd4__0 .avia-caption-title{\ncolor:#fbbd11;\n}\n#top .avia-slideshow .av-slideshow-caption.av-av_slideshow_full-32de997090c749a8c82b86d1ff824dd4__0 .avia-caption-content{\ncolor:#ffffff;\n}\n<\/style>\n<div  class='avia-slideshow av-av_slideshow_full-32de997090c749a8c82b86d1ff824dd4 avia-slideshow-featured av_slideshow_full avia-slide-slider av-slideshow-ui av-control-default av-slideshow-manual av-loop-once av-loop-manual-endless av-default-height-applied    avia-slideshow-2' data-slideshow-options=\"{&quot;animation&quot;:&quot;slide&quot;,&quot;autoplay&quot;:false,&quot;loop_autoplay&quot;:&quot;once&quot;,&quot;interval&quot;:5,&quot;loop_manual&quot;:&quot;manual-endless&quot;,&quot;autoplay_stopper&quot;:false,&quot;noNavigation&quot;:false,&quot;bg_slider&quot;:false,&quot;keep_padding&quot;:false,&quot;hoverpause&quot;:false,&quot;show_slide_delay&quot;:0}\"  itemprop=\"image\" itemscope=\"itemscope\" itemtype=\"https:\/\/schema.org\/ImageObject\" ><ul class='avia-slideshow-inner ' style='padding-bottom: 25.503355704698%;'><li  class='avia-slideshow-slide av-av_slideshow_full-32de997090c749a8c82b86d1ff824dd4__0  av-single-slide slide-1 slide-odd'><div data-rel='slideshow-2' class='avia-slide-wrap '   ><div class='av-slideshow-caption av-av_slideshow_full-32de997090c749a8c82b86d1ff824dd4__0 caption_fullwidth caption_left caption_left_framed caption_framed'><div class=\"container caption_container\"><div class=\"slideshow_caption\"><div class=\"slideshow_inner_caption\"><div class=\"slideshow_align_caption\"><h2 class='avia-caption-title '  itemprop=\"name\" >allnav Online Shop<\/h2><div class='avia-caption-content av_inherit_color'  itemprop=\"description\" ><p>Accessoires pour la mensuration<\/p>\n<\/div><\/div><\/div><\/div><\/div><\/div><img decoding=\"async\" fetchpriority=\"high\" class=\"wp-image-5575 avia-img-lazy-loading-not-5575\"  src=\"https:\/\/shop.allnav.ch\/wp-content\/uploads\/2018\/01\/slider_metricplus.jpg\" width=\"1043\" height=\"266\" title='slider_metricplus' alt=''  itemprop=\"thumbnailUrl\" srcset=\"https:\/\/shop.allnav.ch\/wp-content\/uploads\/2018\/01\/slider_metricplus.jpg 1043w, https:\/\/shop.allnav.ch\/wp-content\/uploads\/2018\/01\/slider_metricplus-250x64.jpg 250w, https:\/\/shop.allnav.ch\/wp-content\/uploads\/2018\/01\/slider_metricplus-450x115.jpg 450w\" sizes=\"(max-width: 1043px) 100vw, 1043px\" \/><\/div><\/li><\/ul><\/div><\/div><\/p>\n","protected":false},"excerpt":{"rendered":"","protected":false},"author":498,"featured_media":0,"parent":0,"menu_order":0,"comment_status":"open","ping_status":"open","template":"","meta":{"footnotes":""},"class_list":["post-5645","page","type-page","status-publish","hentry"],"_links":{"self":[{"href":"https:\/\/shop.allnav.ch\/fr\/wp-json\/wp\/v2\/pages\/5645","targetHints":{"allow":["GET"]}}],"collection":[{"href":"https:\/\/shop.allnav.ch\/fr\/wp-json\/wp\/v2\/pages"}],"about":[{"href":"https:\/\/shop.allnav.ch\/fr\/wp-json\/wp\/v2\/types\/page"}],"author":[{"embeddable":true,"href":"https:\/\/shop.allnav.ch\/fr\/wp-json\/wp\/v2\/users\/498"}],"replies":[{"embeddable":true,"href":"https:\/\/shop.allnav.ch\/fr\/wp-json\/wp\/v2\/comments?post=5645"}],"version-history":[{"count":27,"href":"https:\/\/shop.allnav.ch\/fr\/wp-json\/wp\/v2\/pages\/5645\/revisions"}],"predecessor-version":[{"id":7513,"href":"https:\/\/shop.allnav.ch\/fr\/wp-json\/wp\/v2\/pages\/5645\/revisions\/7513"}],"wp:attachment":[{"href":"https:\/\/shop.allnav.ch\/fr\/wp-json\/wp\/v2\/media?parent=5645"}],"curies":[{"name":"wp","href":"https:\/\/api.w.org\/{rel}","templated":true}]}}